{"id":9865,"date":"2025-09-19T14:36:58","date_gmt":"2025-09-19T14:05:44","guid":{"rendered":"https:\/\/enguix.com\/?post_type=product&#038;p=9865"},"modified":"2025-09-19T15:05:44","modified_gmt":"2025-09-19T14:05:44","slug":"boulon-m16x105-din-931-qualite-10-9","status":"publish","type":"product","link":"https:\/\/enguix.com\/fr\/produit\/boulon-m16x105-din-931-qualite-10-9\/","title":{"rendered":"Boulon M16x105 DIN 931 \u2013 Qualit\u00e9 10.9"},"content":{"rendered":"<h2>Caract\u00e9ristiques principales<\/h2>\n<ul>\n<li>Norme : DIN 931 (filetage partiel).<\/li>\n<li>M\u00e9trique : M16.<\/li>\n<li>Longueur totale : 105 mm.<\/li>\n<li>Qualit\u00e9 de l\u2019acier : 10.9.<\/li>\n<li>Finition : zingu\u00e9e pour une meilleure protection contre la corrosion.<\/li>\n<\/ul>\n<h2>Avantages<\/h2>\n<ul>\n<li>Haute r\u00e9sistance \u00e0 la traction et \u00e0 l\u2019usure.<\/li>\n<li>Id\u00e9al pour les applications critiques avec fortes vibrations.<\/li>\n<li>Compatible avec bagues et lames agricoles.<\/li>\n<li>Protection contre l\u2019oxydation gr\u00e2ce \u00e0 sa finition zingu\u00e9e.<\/li>\n<\/ul>\n<h2>Utilisations recommand\u00e9es<\/h2>\n<ul>\n<li>Compatible avec les mod\u00e8les :<\/li>\n<li>TRL\/TR (selon version)<\/li>\n<\/ul>\n","protected":false},"excerpt":{"rendered":"<p>Boulon m\u00e9trique M16 fabriqu\u00e9 en acier haute r\u00e9sistance de qualit\u00e9 10.9, conforme \u00e0 la norme DIN 931. Con\u00e7u pour les applications industrielles et agricoles n\u00e9cessitant une fiabilit\u00e9 maximale et une grande r\u00e9sistance \u00e0 la traction. Id\u00e9al pour le montage de lames, de composants m\u00e9caniques et de structures soumises \u00e0 de fortes charges.<\/p>\n","protected":false},"featured_media":9832,"template":"","meta":[],"product_cat":[1369],"product_tag":[],"class_list":{"0":"post-9865","1":"product","2":"type-product","3":"status-publish","4":"has-post-thumbnail","6":"product_cat-pieces-de-rechange","8":"first","9":"instock","10":"taxable","11":"shipping-taxable","12":"purchasable","13":"product-type-simple"},"yoast_head":"<!-- This site is optimized with the Yoast SEO plugin v23.5 - https:\/\/yoast.com\/wordpress\/plugins\/seo\/ -->\n<title>Boulon M16x105 DIN 931 \u2013 Qualit\u00e9 10.9 - Trituradoras | Rotocultivadores | Maquinaria agr\u00edcola<\/title>\n<meta name=\"robots\" content=\"index, follow, max-snippet:-1, max-image-preview:large, max-video-preview:-1\" \/>\n<link rel=\"canonical\" href=\"https:\/\/enguix.com\/fr\/produit\/boulon-m16x105-din-931-qualite-10-9\/\" \/>\n<meta property=\"og:locale\" content=\"fr_FR\" \/>\n<meta property=\"og:type\" content=\"article\" \/>\n<meta property=\"og:title\" content=\"Boulon M16x105 DIN 931 \u2013 Qualit\u00e9 10.9 - Trituradoras | Rotocultivadores | Maquinaria agr\u00edcola\" \/>\n<meta property=\"og:description\" content=\"Boulon m\u00e9trique M16 fabriqu\u00e9 en acier haute r\u00e9sistance de qualit\u00e9 10.9, conforme \u00e0 la norme DIN 931. Con\u00e7u pour les applications industrielles et agricoles n\u00e9cessitant une fiabilit\u00e9 maximale et une grande r\u00e9sistance \u00e0 la traction. Id\u00e9al pour le montage de lames, de composants m\u00e9caniques et de structures soumises \u00e0 de fortes charges.\" \/>\n<meta property=\"og:url\" content=\"https:\/\/enguix.com\/fr\/produit\/boulon-m16x105-din-931-qualite-10-9\/\" \/>\n<meta property=\"og:site_name\" content=\"Trituradoras | Rotocultivadores | Maquinaria agr\u00edcola\" \/>\n<meta property=\"article:publisher\" content=\"https:\/\/www.facebook.com\/ENGUIXSL\" \/>\n<meta property=\"og:image\" content=\"https:\/\/enguix.com\/wp-content\/uploads\/2025\/09\/TORNILLO-58087.jpg\" \/>\n\t<meta property=\"og:image:width\" content=\"1200\" \/>\n\t<meta property=\"og:image:height\" content=\"1200\" \/>\n\t<meta property=\"og:image:type\" content=\"image\/jpeg\" \/>\n<meta name=\"twitter:card\" content=\"summary_large_image\" \/>\n<script type=\"application\/ld+json\" class=\"yoast-schema-graph\">{\"@context\":\"https:\/\/schema.org\",\"@graph\":[{\"@type\":\"WebPage\",\"@id\":\"https:\/\/enguix.com\/fr\/produit\/boulon-m16x105-din-931-qualite-10-9\/\",\"url\":\"https:\/\/enguix.com\/fr\/produit\/boulon-m16x105-din-931-qualite-10-9\/\",\"name\":\"Boulon M16x105 DIN 931 \u2013 Qualit\u00e9 10.9 - Trituradoras | Rotocultivadores | Maquinaria agr\u00edcola\",\"isPartOf\":{\"@id\":\"https:\/\/enguix.com\/fr\/#website\"},\"primaryImageOfPage\":{\"@id\":\"https:\/\/enguix.com\/fr\/produit\/boulon-m16x105-din-931-qualite-10-9\/#primaryimage\"},\"image\":{\"@id\":\"https:\/\/enguix.com\/fr\/produit\/boulon-m16x105-din-931-qualite-10-9\/#primaryimage\"},\"thumbnailUrl\":\"https:\/\/enguix.com\/wp-content\/uploads\/2025\/09\/TORNILLO-58087.jpg\",\"datePublished\":\"2025-09-19T14:05:44+00:00\",\"dateModified\":\"2025-09-19T14:05:44+00:00\",\"breadcrumb\":{\"@id\":\"https:\/\/enguix.com\/fr\/produit\/boulon-m16x105-din-931-qualite-10-9\/#breadcrumb\"},\"inLanguage\":\"fr-FR\",\"potentialAction\":[{\"@type\":\"ReadAction\",\"target\":[\"https:\/\/enguix.com\/fr\/produit\/boulon-m16x105-din-931-qualite-10-9\/\"]}]},{\"@type\":\"ImageObject\",\"inLanguage\":\"fr-FR\",\"@id\":\"https:\/\/enguix.com\/fr\/produit\/boulon-m16x105-din-931-qualite-10-9\/#primaryimage\",\"url\":\"https:\/\/enguix.com\/wp-content\/uploads\/2025\/09\/TORNILLO-58087.jpg\",\"contentUrl\":\"https:\/\/enguix.com\/wp-content\/uploads\/2025\/09\/TORNILLO-58087.jpg\",\"width\":1200,\"height\":1200,\"caption\":\"Tornillo M16x105 DIN\"},{\"@type\":\"BreadcrumbList\",\"@id\":\"https:\/\/enguix.com\/fr\/produit\/boulon-m16x105-din-931-qualite-10-9\/#breadcrumb\",\"itemListElement\":[{\"@type\":\"ListItem\",\"position\":1,\"name\":\"Produits\",\"item\":\"https:\/\/enguix.com\/fr\/produits\/\"},{\"@type\":\"ListItem\",\"position\":2,\"name\":\"Boulon M16x105 DIN 931 \u2013 Qualit\u00e9 10.9\"}]},{\"@type\":\"WebSite\",\"@id\":\"https:\/\/enguix.com\/fr\/#website\",\"url\":\"https:\/\/enguix.com\/fr\/\",\"name\":\"Trituradoras | Rotocultivadores | Maquinaria agr\u00edcola\",\"description\":\"Trituradoras. Rotocultivadores. Desbrozadoras y maquinaria agr\u00edcola\",\"potentialAction\":[{\"@type\":\"SearchAction\",\"target\":{\"@type\":\"EntryPoint\",\"urlTemplate\":\"https:\/\/enguix.com\/fr\/?s={search_term_string}\"},\"query-input\":{\"@type\":\"PropertyValueSpecification\",\"valueRequired\":true,\"valueName\":\"search_term_string\"}}],\"inLanguage\":\"fr-FR\"}]}<\/script>\n<!-- \/ Yoast SEO plugin. -->","yoast_head_json":{"title":"Boulon M16x105 DIN 931 \u2013 Qualit\u00e9 10.9 - Trituradoras | Rotocultivadores | Maquinaria agr\u00edcola","robots":{"index":"index","follow":"follow","max-snippet":"max-snippet:-1","max-image-preview":"max-image-preview:large","max-video-preview":"max-video-preview:-1"},"canonical":"https:\/\/enguix.com\/fr\/produit\/boulon-m16x105-din-931-qualite-10-9\/","og_locale":"fr_FR","og_type":"article","og_title":"Boulon M16x105 DIN 931 \u2013 Qualit\u00e9 10.9 - Trituradoras | Rotocultivadores | Maquinaria agr\u00edcola","og_description":"Boulon m\u00e9trique M16 fabriqu\u00e9 en acier haute r\u00e9sistance de qualit\u00e9 10.9, conforme \u00e0 la norme DIN 931. Con\u00e7u pour les applications industrielles et agricoles n\u00e9cessitant une fiabilit\u00e9 maximale et une grande r\u00e9sistance \u00e0 la traction. Id\u00e9al pour le montage de lames, de composants m\u00e9caniques et de structures soumises \u00e0 de fortes charges.","og_url":"https:\/\/enguix.com\/fr\/produit\/boulon-m16x105-din-931-qualite-10-9\/","og_site_name":"Trituradoras | Rotocultivadores | Maquinaria agr\u00edcola","article_publisher":"https:\/\/www.facebook.com\/ENGUIXSL","og_image":[{"width":1200,"height":1200,"url":"https:\/\/enguix.com\/wp-content\/uploads\/2025\/09\/TORNILLO-58087.jpg","type":"image\/jpeg"}],"twitter_card":"summary_large_image","schema":{"@context":"https:\/\/schema.org","@graph":[{"@type":"WebPage","@id":"https:\/\/enguix.com\/fr\/produit\/boulon-m16x105-din-931-qualite-10-9\/","url":"https:\/\/enguix.com\/fr\/produit\/boulon-m16x105-din-931-qualite-10-9\/","name":"Boulon M16x105 DIN 931 \u2013 Qualit\u00e9 10.9 - Trituradoras | Rotocultivadores | Maquinaria agr\u00edcola","isPartOf":{"@id":"https:\/\/enguix.com\/fr\/#website"},"primaryImageOfPage":{"@id":"https:\/\/enguix.com\/fr\/produit\/boulon-m16x105-din-931-qualite-10-9\/#primaryimage"},"image":{"@id":"https:\/\/enguix.com\/fr\/produit\/boulon-m16x105-din-931-qualite-10-9\/#primaryimage"},"thumbnailUrl":"https:\/\/enguix.com\/wp-content\/uploads\/2025\/09\/TORNILLO-58087.jpg","datePublished":"2025-09-19T14:05:44+00:00","dateModified":"2025-09-19T14:05:44+00:00","breadcrumb":{"@id":"https:\/\/enguix.com\/fr\/produit\/boulon-m16x105-din-931-qualite-10-9\/#breadcrumb"},"inLanguage":"fr-FR","potentialAction":[{"@type":"ReadAction","target":["https:\/\/enguix.com\/fr\/produit\/boulon-m16x105-din-931-qualite-10-9\/"]}]},{"@type":"ImageObject","inLanguage":"fr-FR","@id":"https:\/\/enguix.com\/fr\/produit\/boulon-m16x105-din-931-qualite-10-9\/#primaryimage","url":"https:\/\/enguix.com\/wp-content\/uploads\/2025\/09\/TORNILLO-58087.jpg","contentUrl":"https:\/\/enguix.com\/wp-content\/uploads\/2025\/09\/TORNILLO-58087.jpg","width":1200,"height":1200,"caption":"Tornillo M16x105 DIN"},{"@type":"BreadcrumbList","@id":"https:\/\/enguix.com\/fr\/produit\/boulon-m16x105-din-931-qualite-10-9\/#breadcrumb","itemListElement":[{"@type":"ListItem","position":1,"name":"Produits","item":"https:\/\/enguix.com\/fr\/produits\/"},{"@type":"ListItem","position":2,"name":"Boulon M16x105 DIN 931 \u2013 Qualit\u00e9 10.9"}]},{"@type":"WebSite","@id":"https:\/\/enguix.com\/fr\/#website","url":"https:\/\/enguix.com\/fr\/","name":"Trituradoras | Rotocultivadores | Maquinaria agr\u00edcola","description":"Trituradoras. Rotocultivadores. Desbrozadoras y maquinaria agr\u00edcola","potentialAction":[{"@type":"SearchAction","target":{"@type":"EntryPoint","urlTemplate":"https:\/\/enguix.com\/fr\/?s={search_term_string}"},"query-input":{"@type":"PropertyValueSpecification","valueRequired":true,"valueName":"search_term_string"}}],"inLanguage":"fr-FR"}]}},"_links":{"self":[{"href":"https:\/\/enguix.com\/fr\/wp-json\/wp\/v2\/product\/9865"}],"collection":[{"href":"https:\/\/enguix.com\/fr\/wp-json\/wp\/v2\/product"}],"about":[{"href":"https:\/\/enguix.com\/fr\/wp-json\/wp\/v2\/types\/product"}],"wp:featuredmedia":[{"embeddable":true,"href":"https:\/\/enguix.com\/fr\/wp-json\/wp\/v2\/media\/9832"}],"wp:attachment":[{"href":"https:\/\/enguix.com\/fr\/wp-json\/wp\/v2\/media?parent=9865"}],"wp:term":[{"taxonomy":"product_cat","embeddable":true,"href":"https:\/\/enguix.com\/fr\/wp-json\/wp\/v2\/product_cat?post=9865"},{"taxonomy":"product_tag","embeddable":true,"href":"https:\/\/enguix.com\/fr\/wp-json\/wp\/v2\/product_tag?post=9865"}],"curies":[{"name":"wp","href":"https:\/\/api.w.org\/{rel}","templated":true}]}}