{"id":9863,"date":"2025-09-19T14:40:48","date_gmt":"2025-09-19T14:03:46","guid":{"rendered":"https:\/\/enguix.com\/?post_type=product&#038;p=9863"},"modified":"2025-09-19T15:03:47","modified_gmt":"2025-09-19T14:03:47","slug":"boulon-sae-1-2-x-40-qualite-10-9","status":"publish","type":"product","link":"https:\/\/enguix.com\/fr\/produit\/boulon-sae-1-2-x-40-qualite-10-9\/","title":{"rendered":"Boulon SAE 1\/2 x 40 \u2013 Qualit\u00e9 10.9"},"content":{"rendered":"<h2>Caract\u00e9ristiques principales<\/h2>\n<ul>\n<li>Norme : SAE (Society of Automotive Engineers).<\/li>\n<li>Dimension : 1\/2 pouce.<\/li>\n<li>Longueur totale : 40 mm.<\/li>\n<li>Qualit\u00e9 de l\u2019acier : 10.9.<\/li>\n<li>Finition : phosphat\u00e9e ou zingu\u00e9e selon l\u2019application.<\/li>\n<li>T\u00eate hexagonale pour cl\u00e9 standard.<\/li>\n<\/ul>\n<h2>Avantages<\/h2>\n<ul>\n<li>Haute r\u00e9sistance \u00e0 la traction et \u00e0 l\u2019usure.<\/li>\n<li>Id\u00e9al pour les applications critiques avec vibrations et fortes charges.<\/li>\n<li>Compatible avec les machines agricoles et foresti\u00e8res.<\/li>\n<li>Protection contre la corrosion gr\u00e2ce \u00e0 son traitement de surface.<\/li>\n<\/ul>\n<h2>Utilisations recommand\u00e9es<\/h2>\n<p>Compatible avec les mod\u00e8les :<\/p>\n<p>Tous les mod\u00e8les utilisant des lames avec trou de 1\/2 pouce<\/p>\n","protected":false},"excerpt":{"rendered":"<p>Boulon SAE de 1\/2 pouce fabriqu\u00e9 en acier haute r\u00e9sistance de qualit\u00e9 10.9, con\u00e7u pour les applications agricoles et industrielles n\u00e9cessitant une grande durabilit\u00e9 et s\u00e9curit\u00e9. Son design robuste et son mat\u00e9riau de haute qualit\u00e9 garantissent des performances fiables m\u00eame sous des conditions de forte charge.<\/p>\n","protected":false},"featured_media":9835,"template":"","meta":[],"product_cat":[1369],"product_tag":[],"class_list":{"0":"post-9863","1":"product","2":"type-product","3":"status-publish","4":"has-post-thumbnail","6":"product_cat-pieces-de-rechange","8":"first","9":"instock","10":"taxable","11":"shipping-taxable","12":"purchasable","13":"product-type-simple"},"yoast_head":"<!-- This site is optimized with the Yoast SEO plugin v23.5 - https:\/\/yoast.com\/wordpress\/plugins\/seo\/ -->\n<title>Boulon SAE 1\/2 x 40 \u2013 Qualit\u00e9 10.9 - Trituradoras | Rotocultivadores | Maquinaria agr\u00edcola<\/title>\n<meta name=\"robots\" content=\"index, follow, max-snippet:-1, max-image-preview:large, max-video-preview:-1\" \/>\n<link rel=\"canonical\" href=\"https:\/\/enguix.com\/fr\/produit\/boulon-sae-1-2-x-40-qualite-10-9\/\" \/>\n<meta property=\"og:locale\" content=\"fr_FR\" \/>\n<meta property=\"og:type\" content=\"article\" \/>\n<meta property=\"og:title\" content=\"Boulon SAE 1\/2 x 40 \u2013 Qualit\u00e9 10.9 - Trituradoras | Rotocultivadores | Maquinaria agr\u00edcola\" \/>\n<meta property=\"og:description\" content=\"Boulon SAE de 1\/2 pouce fabriqu\u00e9 en acier haute r\u00e9sistance de qualit\u00e9 10.9, con\u00e7u pour les applications agricoles et industrielles n\u00e9cessitant une grande durabilit\u00e9 et s\u00e9curit\u00e9. Son design robuste et son mat\u00e9riau de haute qualit\u00e9 garantissent des performances fiables m\u00eame sous des conditions de forte charge.\" \/>\n<meta property=\"og:url\" content=\"https:\/\/enguix.com\/fr\/produit\/boulon-sae-1-2-x-40-qualite-10-9\/\" \/>\n<meta property=\"og:site_name\" content=\"Trituradoras | Rotocultivadores | Maquinaria agr\u00edcola\" \/>\n<meta property=\"article:publisher\" content=\"https:\/\/www.facebook.com\/ENGUIXSL\" \/>\n<meta property=\"article:modified_time\" content=\"2025-09-19T14:03:47+00:00\" \/>\n<meta property=\"og:image\" content=\"https:\/\/enguix.com\/wp-content\/uploads\/2025\/09\/tornillo-58230.jpg\" \/>\n\t<meta property=\"og:image:width\" content=\"1200\" \/>\n\t<meta property=\"og:image:height\" content=\"1200\" \/>\n\t<meta property=\"og:image:type\" content=\"image\/jpeg\" \/>\n<meta name=\"twitter:card\" content=\"summary_large_image\" \/>\n<script type=\"application\/ld+json\" class=\"yoast-schema-graph\">{\"@context\":\"https:\/\/schema.org\",\"@graph\":[{\"@type\":\"WebPage\",\"@id\":\"https:\/\/enguix.com\/fr\/produit\/boulon-sae-1-2-x-40-qualite-10-9\/\",\"url\":\"https:\/\/enguix.com\/fr\/produit\/boulon-sae-1-2-x-40-qualite-10-9\/\",\"name\":\"Boulon SAE 1\/2 x 40 \u2013 Qualit\u00e9 10.9 - Trituradoras | Rotocultivadores | Maquinaria agr\u00edcola\",\"isPartOf\":{\"@id\":\"https:\/\/enguix.com\/fr\/#website\"},\"primaryImageOfPage\":{\"@id\":\"https:\/\/enguix.com\/fr\/produit\/boulon-sae-1-2-x-40-qualite-10-9\/#primaryimage\"},\"image\":{\"@id\":\"https:\/\/enguix.com\/fr\/produit\/boulon-sae-1-2-x-40-qualite-10-9\/#primaryimage\"},\"thumbnailUrl\":\"https:\/\/enguix.com\/wp-content\/uploads\/2025\/09\/tornillo-58230.jpg\",\"datePublished\":\"2025-09-19T14:03:46+00:00\",\"dateModified\":\"2025-09-19T14:03:47+00:00\",\"breadcrumb\":{\"@id\":\"https:\/\/enguix.com\/fr\/produit\/boulon-sae-1-2-x-40-qualite-10-9\/#breadcrumb\"},\"inLanguage\":\"fr-FR\",\"potentialAction\":[{\"@type\":\"ReadAction\",\"target\":[\"https:\/\/enguix.com\/fr\/produit\/boulon-sae-1-2-x-40-qualite-10-9\/\"]}]},{\"@type\":\"ImageObject\",\"inLanguage\":\"fr-FR\",\"@id\":\"https:\/\/enguix.com\/fr\/produit\/boulon-sae-1-2-x-40-qualite-10-9\/#primaryimage\",\"url\":\"https:\/\/enguix.com\/wp-content\/uploads\/2025\/09\/tornillo-58230.jpg\",\"contentUrl\":\"https:\/\/enguix.com\/wp-content\/uploads\/2025\/09\/tornillo-58230.jpg\",\"width\":1200,\"height\":1200,\"caption\":\"Tornillo SAE 1\/2 x 40 - Calidad 10.9\"},{\"@type\":\"BreadcrumbList\",\"@id\":\"https:\/\/enguix.com\/fr\/produit\/boulon-sae-1-2-x-40-qualite-10-9\/#breadcrumb\",\"itemListElement\":[{\"@type\":\"ListItem\",\"position\":1,\"name\":\"Produits\",\"item\":\"https:\/\/enguix.com\/fr\/produits\/\"},{\"@type\":\"ListItem\",\"position\":2,\"name\":\"Boulon SAE 1\/2 x 40 \u2013 Qualit\u00e9 10.9\"}]},{\"@type\":\"WebSite\",\"@id\":\"https:\/\/enguix.com\/fr\/#website\",\"url\":\"https:\/\/enguix.com\/fr\/\",\"name\":\"Trituradoras | Rotocultivadores | Maquinaria agr\u00edcola\",\"description\":\"Trituradoras. Rotocultivadores. Desbrozadoras y maquinaria agr\u00edcola\",\"potentialAction\":[{\"@type\":\"SearchAction\",\"target\":{\"@type\":\"EntryPoint\",\"urlTemplate\":\"https:\/\/enguix.com\/fr\/?s={search_term_string}\"},\"query-input\":{\"@type\":\"PropertyValueSpecification\",\"valueRequired\":true,\"valueName\":\"search_term_string\"}}],\"inLanguage\":\"fr-FR\"}]}<\/script>\n<!-- \/ Yoast SEO plugin. -->","yoast_head_json":{"title":"Boulon SAE 1\/2 x 40 \u2013 Qualit\u00e9 10.9 - Trituradoras | Rotocultivadores | Maquinaria agr\u00edcola","robots":{"index":"index","follow":"follow","max-snippet":"max-snippet:-1","max-image-preview":"max-image-preview:large","max-video-preview":"max-video-preview:-1"},"canonical":"https:\/\/enguix.com\/fr\/produit\/boulon-sae-1-2-x-40-qualite-10-9\/","og_locale":"fr_FR","og_type":"article","og_title":"Boulon SAE 1\/2 x 40 \u2013 Qualit\u00e9 10.9 - Trituradoras | Rotocultivadores | Maquinaria agr\u00edcola","og_description":"Boulon SAE de 1\/2 pouce fabriqu\u00e9 en acier haute r\u00e9sistance de qualit\u00e9 10.9, con\u00e7u pour les applications agricoles et industrielles n\u00e9cessitant une grande durabilit\u00e9 et s\u00e9curit\u00e9. Son design robuste et son mat\u00e9riau de haute qualit\u00e9 garantissent des performances fiables m\u00eame sous des conditions de forte charge.","og_url":"https:\/\/enguix.com\/fr\/produit\/boulon-sae-1-2-x-40-qualite-10-9\/","og_site_name":"Trituradoras | Rotocultivadores | Maquinaria agr\u00edcola","article_publisher":"https:\/\/www.facebook.com\/ENGUIXSL","article_modified_time":"2025-09-19T14:03:47+00:00","og_image":[{"width":1200,"height":1200,"url":"https:\/\/enguix.com\/wp-content\/uploads\/2025\/09\/tornillo-58230.jpg","type":"image\/jpeg"}],"twitter_card":"summary_large_image","schema":{"@context":"https:\/\/schema.org","@graph":[{"@type":"WebPage","@id":"https:\/\/enguix.com\/fr\/produit\/boulon-sae-1-2-x-40-qualite-10-9\/","url":"https:\/\/enguix.com\/fr\/produit\/boulon-sae-1-2-x-40-qualite-10-9\/","name":"Boulon SAE 1\/2 x 40 \u2013 Qualit\u00e9 10.9 - Trituradoras | Rotocultivadores | Maquinaria agr\u00edcola","isPartOf":{"@id":"https:\/\/enguix.com\/fr\/#website"},"primaryImageOfPage":{"@id":"https:\/\/enguix.com\/fr\/produit\/boulon-sae-1-2-x-40-qualite-10-9\/#primaryimage"},"image":{"@id":"https:\/\/enguix.com\/fr\/produit\/boulon-sae-1-2-x-40-qualite-10-9\/#primaryimage"},"thumbnailUrl":"https:\/\/enguix.com\/wp-content\/uploads\/2025\/09\/tornillo-58230.jpg","datePublished":"2025-09-19T14:03:46+00:00","dateModified":"2025-09-19T14:03:47+00:00","breadcrumb":{"@id":"https:\/\/enguix.com\/fr\/produit\/boulon-sae-1-2-x-40-qualite-10-9\/#breadcrumb"},"inLanguage":"fr-FR","potentialAction":[{"@type":"ReadAction","target":["https:\/\/enguix.com\/fr\/produit\/boulon-sae-1-2-x-40-qualite-10-9\/"]}]},{"@type":"ImageObject","inLanguage":"fr-FR","@id":"https:\/\/enguix.com\/fr\/produit\/boulon-sae-1-2-x-40-qualite-10-9\/#primaryimage","url":"https:\/\/enguix.com\/wp-content\/uploads\/2025\/09\/tornillo-58230.jpg","contentUrl":"https:\/\/enguix.com\/wp-content\/uploads\/2025\/09\/tornillo-58230.jpg","width":1200,"height":1200,"caption":"Tornillo SAE 1\/2 x 40 - Calidad 10.9"},{"@type":"BreadcrumbList","@id":"https:\/\/enguix.com\/fr\/produit\/boulon-sae-1-2-x-40-qualite-10-9\/#breadcrumb","itemListElement":[{"@type":"ListItem","position":1,"name":"Produits","item":"https:\/\/enguix.com\/fr\/produits\/"},{"@type":"ListItem","position":2,"name":"Boulon SAE 1\/2 x 40 \u2013 Qualit\u00e9 10.9"}]},{"@type":"WebSite","@id":"https:\/\/enguix.com\/fr\/#website","url":"https:\/\/enguix.com\/fr\/","name":"Trituradoras | Rotocultivadores | Maquinaria agr\u00edcola","description":"Trituradoras. Rotocultivadores. Desbrozadoras y maquinaria agr\u00edcola","potentialAction":[{"@type":"SearchAction","target":{"@type":"EntryPoint","urlTemplate":"https:\/\/enguix.com\/fr\/?s={search_term_string}"},"query-input":{"@type":"PropertyValueSpecification","valueRequired":true,"valueName":"search_term_string"}}],"inLanguage":"fr-FR"}]}},"_links":{"self":[{"href":"https:\/\/enguix.com\/fr\/wp-json\/wp\/v2\/product\/9863"}],"collection":[{"href":"https:\/\/enguix.com\/fr\/wp-json\/wp\/v2\/product"}],"about":[{"href":"https:\/\/enguix.com\/fr\/wp-json\/wp\/v2\/types\/product"}],"wp:featuredmedia":[{"embeddable":true,"href":"https:\/\/enguix.com\/fr\/wp-json\/wp\/v2\/media\/9835"}],"wp:attachment":[{"href":"https:\/\/enguix.com\/fr\/wp-json\/wp\/v2\/media?parent=9863"}],"wp:term":[{"taxonomy":"product_cat","embeddable":true,"href":"https:\/\/enguix.com\/fr\/wp-json\/wp\/v2\/product_cat?post=9863"},{"taxonomy":"product_tag","embeddable":true,"href":"https:\/\/enguix.com\/fr\/wp-json\/wp\/v2\/product_tag?post=9863"}],"curies":[{"name":"wp","href":"https:\/\/api.w.org\/{rel}","templated":true}]}}