{"id":9858,"date":"2025-09-19T14:45:30","date_gmt":"2025-09-19T13:59:07","guid":{"rendered":"https:\/\/enguix.com\/?post_type=product&#038;p=9858"},"modified":"2025-09-19T14:59:08","modified_gmt":"2025-09-19T13:59:08","slug":"rondelle-interieure-o-40-x-165-x-12","status":"publish","type":"product","link":"https:\/\/enguix.com\/fr\/produit\/rondelle-interieure-o-40-x-165-x-12\/","title":{"rendered":"Rondelle int\u00e9rieure \u00d8 40 x 16,5 x 12"},"content":{"rendered":"<h2>Caract\u00e9ristiques principales<\/h2>\n<ul>\n<li>Diam\u00e8tre ext\u00e9rieur (\u00d8ext) : 40 mm<\/li>\n<li>Diam\u00e8tre int\u00e9rieur (\u00d8int) : 16,5 mm<\/li>\n<li>\u00c9paisseur : 12 mm<\/li>\n<\/ul>\n<h2>Avantages<\/h2>\n<ul>\n<li>Haute r\u00e9sistance \u00e0 l\u2019usure et \u00e0 la d\u00e9formation.<\/li>\n<li>Fabrication de pr\u00e9cision garantissant un ajustement parfait.<\/li>\n<\/ul>\n<h2>Utilisations recommand\u00e9es<\/h2>\n<p>Compatible avec les mod\u00e8les :<\/p>\n<p>TRL\/TR<\/p>\n","protected":false},"excerpt":{"rendered":"<p>Rondelle fabriqu\u00e9e en acier, con\u00e7ue pour offrir une durabilit\u00e9 et une r\u00e9sistance maximales. Id\u00e9ale pour les applications dans les machines agricoles, industrielles et automobiles, o\u00f9 l\u2019absorption de charge et la stabilit\u00e9 structurelle sont n\u00e9cessaires.<\/p>\n","protected":false},"featured_media":9823,"template":"","meta":[],"product_cat":[1369],"product_tag":[],"class_list":{"0":"post-9858","1":"product","2":"type-product","3":"status-publish","4":"has-post-thumbnail","6":"product_cat-pieces-de-rechange","8":"first","9":"instock","10":"taxable","11":"shipping-taxable","12":"purchasable","13":"product-type-simple"},"yoast_head":"<!-- This site is optimized with the Yoast SEO plugin v23.5 - https:\/\/yoast.com\/wordpress\/plugins\/seo\/ -->\n<title>Rondelle int\u00e9rieure \u00d8 40 x 16,5 x 12 - Trituradoras | Rotocultivadores | Maquinaria agr\u00edcola<\/title>\n<meta name=\"robots\" content=\"index, follow, max-snippet:-1, max-image-preview:large, max-video-preview:-1\" \/>\n<link rel=\"canonical\" href=\"https:\/\/enguix.com\/fr\/produit\/rondelle-interieure-o-40-x-165-x-12\/\" \/>\n<meta property=\"og:locale\" content=\"fr_FR\" \/>\n<meta property=\"og:type\" content=\"article\" \/>\n<meta property=\"og:title\" content=\"Rondelle int\u00e9rieure \u00d8 40 x 16,5 x 12 - Trituradoras | Rotocultivadores | Maquinaria agr\u00edcola\" \/>\n<meta property=\"og:description\" content=\"Rondelle fabriqu\u00e9e en acier, con\u00e7ue pour offrir une durabilit\u00e9 et une r\u00e9sistance maximales. Id\u00e9ale pour les applications dans les machines agricoles, industrielles et automobiles, o\u00f9 l\u2019absorption de charge et la stabilit\u00e9 structurelle sont n\u00e9cessaires.\" \/>\n<meta property=\"og:url\" content=\"https:\/\/enguix.com\/fr\/produit\/rondelle-interieure-o-40-x-165-x-12\/\" \/>\n<meta property=\"og:site_name\" content=\"Trituradoras | Rotocultivadores | Maquinaria agr\u00edcola\" \/>\n<meta property=\"article:publisher\" content=\"https:\/\/www.facebook.com\/ENGUIXSL\" \/>\n<meta property=\"article:modified_time\" content=\"2025-09-19T13:59:08+00:00\" \/>\n<meta property=\"og:image\" content=\"https:\/\/enguix.com\/wp-content\/uploads\/2025\/09\/ARANDELA-20931.jpg\" \/>\n\t<meta property=\"og:image:width\" content=\"1200\" \/>\n\t<meta property=\"og:image:height\" content=\"1200\" \/>\n\t<meta property=\"og:image:type\" content=\"image\/jpeg\" \/>\n<meta name=\"twitter:card\" content=\"summary_large_image\" \/>\n<script type=\"application\/ld+json\" class=\"yoast-schema-graph\">{\"@context\":\"https:\/\/schema.org\",\"@graph\":[{\"@type\":\"WebPage\",\"@id\":\"https:\/\/enguix.com\/fr\/produit\/rondelle-interieure-o-40-x-165-x-12\/\",\"url\":\"https:\/\/enguix.com\/fr\/produit\/rondelle-interieure-o-40-x-165-x-12\/\",\"name\":\"Rondelle int\u00e9rieure \u00d8 40 x 16,5 x 12 - Trituradoras | Rotocultivadores | Maquinaria agr\u00edcola\",\"isPartOf\":{\"@id\":\"https:\/\/enguix.com\/fr\/#website\"},\"primaryImageOfPage\":{\"@id\":\"https:\/\/enguix.com\/fr\/produit\/rondelle-interieure-o-40-x-165-x-12\/#primaryimage\"},\"image\":{\"@id\":\"https:\/\/enguix.com\/fr\/produit\/rondelle-interieure-o-40-x-165-x-12\/#primaryimage\"},\"thumbnailUrl\":\"https:\/\/enguix.com\/wp-content\/uploads\/2025\/09\/ARANDELA-20931.jpg\",\"datePublished\":\"2025-09-19T13:59:07+00:00\",\"dateModified\":\"2025-09-19T13:59:08+00:00\",\"breadcrumb\":{\"@id\":\"https:\/\/enguix.com\/fr\/produit\/rondelle-interieure-o-40-x-165-x-12\/#breadcrumb\"},\"inLanguage\":\"fr-FR\",\"potentialAction\":[{\"@type\":\"ReadAction\",\"target\":[\"https:\/\/enguix.com\/fr\/produit\/rondelle-interieure-o-40-x-165-x-12\/\"]}]},{\"@type\":\"ImageObject\",\"inLanguage\":\"fr-FR\",\"@id\":\"https:\/\/enguix.com\/fr\/produit\/rondelle-interieure-o-40-x-165-x-12\/#primaryimage\",\"url\":\"https:\/\/enguix.com\/wp-content\/uploads\/2025\/09\/ARANDELA-20931.jpg\",\"contentUrl\":\"https:\/\/enguix.com\/wp-content\/uploads\/2025\/09\/ARANDELA-20931.jpg\",\"width\":1200,\"height\":1200,\"caption\":\"Arandela Interior \u00d8 40 x 16.5 x 12\"},{\"@type\":\"BreadcrumbList\",\"@id\":\"https:\/\/enguix.com\/fr\/produit\/rondelle-interieure-o-40-x-165-x-12\/#breadcrumb\",\"itemListElement\":[{\"@type\":\"ListItem\",\"position\":1,\"name\":\"Produits\",\"item\":\"https:\/\/enguix.com\/fr\/produits\/\"},{\"@type\":\"ListItem\",\"position\":2,\"name\":\"Rondelle int\u00e9rieure \u00d8 40 x 16,5 x 12\"}]},{\"@type\":\"WebSite\",\"@id\":\"https:\/\/enguix.com\/fr\/#website\",\"url\":\"https:\/\/enguix.com\/fr\/\",\"name\":\"Trituradoras | Rotocultivadores | Maquinaria agr\u00edcola\",\"description\":\"Trituradoras. Rotocultivadores. Desbrozadoras y maquinaria agr\u00edcola\",\"potentialAction\":[{\"@type\":\"SearchAction\",\"target\":{\"@type\":\"EntryPoint\",\"urlTemplate\":\"https:\/\/enguix.com\/fr\/?s={search_term_string}\"},\"query-input\":{\"@type\":\"PropertyValueSpecification\",\"valueRequired\":true,\"valueName\":\"search_term_string\"}}],\"inLanguage\":\"fr-FR\"}]}<\/script>\n<!-- \/ Yoast SEO plugin. -->","yoast_head_json":{"title":"Rondelle int\u00e9rieure \u00d8 40 x 16,5 x 12 - Trituradoras | Rotocultivadores | Maquinaria agr\u00edcola","robots":{"index":"index","follow":"follow","max-snippet":"max-snippet:-1","max-image-preview":"max-image-preview:large","max-video-preview":"max-video-preview:-1"},"canonical":"https:\/\/enguix.com\/fr\/produit\/rondelle-interieure-o-40-x-165-x-12\/","og_locale":"fr_FR","og_type":"article","og_title":"Rondelle int\u00e9rieure \u00d8 40 x 16,5 x 12 - Trituradoras | Rotocultivadores | Maquinaria agr\u00edcola","og_description":"Rondelle fabriqu\u00e9e en acier, con\u00e7ue pour offrir une durabilit\u00e9 et une r\u00e9sistance maximales. Id\u00e9ale pour les applications dans les machines agricoles, industrielles et automobiles, o\u00f9 l\u2019absorption de charge et la stabilit\u00e9 structurelle sont n\u00e9cessaires.","og_url":"https:\/\/enguix.com\/fr\/produit\/rondelle-interieure-o-40-x-165-x-12\/","og_site_name":"Trituradoras | Rotocultivadores | Maquinaria agr\u00edcola","article_publisher":"https:\/\/www.facebook.com\/ENGUIXSL","article_modified_time":"2025-09-19T13:59:08+00:00","og_image":[{"width":1200,"height":1200,"url":"https:\/\/enguix.com\/wp-content\/uploads\/2025\/09\/ARANDELA-20931.jpg","type":"image\/jpeg"}],"twitter_card":"summary_large_image","schema":{"@context":"https:\/\/schema.org","@graph":[{"@type":"WebPage","@id":"https:\/\/enguix.com\/fr\/produit\/rondelle-interieure-o-40-x-165-x-12\/","url":"https:\/\/enguix.com\/fr\/produit\/rondelle-interieure-o-40-x-165-x-12\/","name":"Rondelle int\u00e9rieure \u00d8 40 x 16,5 x 12 - Trituradoras | Rotocultivadores | Maquinaria agr\u00edcola","isPartOf":{"@id":"https:\/\/enguix.com\/fr\/#website"},"primaryImageOfPage":{"@id":"https:\/\/enguix.com\/fr\/produit\/rondelle-interieure-o-40-x-165-x-12\/#primaryimage"},"image":{"@id":"https:\/\/enguix.com\/fr\/produit\/rondelle-interieure-o-40-x-165-x-12\/#primaryimage"},"thumbnailUrl":"https:\/\/enguix.com\/wp-content\/uploads\/2025\/09\/ARANDELA-20931.jpg","datePublished":"2025-09-19T13:59:07+00:00","dateModified":"2025-09-19T13:59:08+00:00","breadcrumb":{"@id":"https:\/\/enguix.com\/fr\/produit\/rondelle-interieure-o-40-x-165-x-12\/#breadcrumb"},"inLanguage":"fr-FR","potentialAction":[{"@type":"ReadAction","target":["https:\/\/enguix.com\/fr\/produit\/rondelle-interieure-o-40-x-165-x-12\/"]}]},{"@type":"ImageObject","inLanguage":"fr-FR","@id":"https:\/\/enguix.com\/fr\/produit\/rondelle-interieure-o-40-x-165-x-12\/#primaryimage","url":"https:\/\/enguix.com\/wp-content\/uploads\/2025\/09\/ARANDELA-20931.jpg","contentUrl":"https:\/\/enguix.com\/wp-content\/uploads\/2025\/09\/ARANDELA-20931.jpg","width":1200,"height":1200,"caption":"Arandela Interior \u00d8 40 x 16.5 x 12"},{"@type":"BreadcrumbList","@id":"https:\/\/enguix.com\/fr\/produit\/rondelle-interieure-o-40-x-165-x-12\/#breadcrumb","itemListElement":[{"@type":"ListItem","position":1,"name":"Produits","item":"https:\/\/enguix.com\/fr\/produits\/"},{"@type":"ListItem","position":2,"name":"Rondelle int\u00e9rieure \u00d8 40 x 16,5 x 12"}]},{"@type":"WebSite","@id":"https:\/\/enguix.com\/fr\/#website","url":"https:\/\/enguix.com\/fr\/","name":"Trituradoras | Rotocultivadores | Maquinaria agr\u00edcola","description":"Trituradoras. Rotocultivadores. Desbrozadoras y maquinaria agr\u00edcola","potentialAction":[{"@type":"SearchAction","target":{"@type":"EntryPoint","urlTemplate":"https:\/\/enguix.com\/fr\/?s={search_term_string}"},"query-input":{"@type":"PropertyValueSpecification","valueRequired":true,"valueName":"search_term_string"}}],"inLanguage":"fr-FR"}]}},"_links":{"self":[{"href":"https:\/\/enguix.com\/fr\/wp-json\/wp\/v2\/product\/9858"}],"collection":[{"href":"https:\/\/enguix.com\/fr\/wp-json\/wp\/v2\/product"}],"about":[{"href":"https:\/\/enguix.com\/fr\/wp-json\/wp\/v2\/types\/product"}],"wp:featuredmedia":[{"embeddable":true,"href":"https:\/\/enguix.com\/fr\/wp-json\/wp\/v2\/media\/9823"}],"wp:attachment":[{"href":"https:\/\/enguix.com\/fr\/wp-json\/wp\/v2\/media?parent=9858"}],"wp:term":[{"taxonomy":"product_cat","embeddable":true,"href":"https:\/\/enguix.com\/fr\/wp-json\/wp\/v2\/product_cat?post=9858"},{"taxonomy":"product_tag","embeddable":true,"href":"https:\/\/enguix.com\/fr\/wp-json\/wp\/v2\/product_tag?post=9858"}],"curies":[{"name":"wp","href":"https:\/\/api.w.org\/{rel}","templated":true}]}}