{"id":4975,"date":"2023-01-03T17:27:09","date_gmt":"2023-01-03T17:48:16","guid":{"rendered":"https:\/\/enguix.com\/producto\/graisse-n-850-ep-2-5kg\/"},"modified":"2023-01-03T18:48:16","modified_gmt":"2023-01-03T17:48:16","slug":"grasa-n-850-ep-2-5kg","status":"publish","type":"product","link":"https:\/\/enguix.com\/fr\/produit\/grasa-n-850-ep-2-5kg\/","title":{"rendered":"Graisse N-850 EP-2 5Kg"},"content":{"rendered":"","protected":false},"excerpt":{"rendered":"<p>Graisse lubrifiante pour m\u00e9canismes surcharg\u00e9s, graisse au lithium, excellentes propri\u00e9t\u00e9s anti-usure extr\u00eame pression.<\/p>\n","protected":false},"featured_media":4960,"template":"","meta":[],"product_cat":[1369],"product_tag":[],"class_list":{"0":"post-4975","1":"product","2":"type-product","3":"status-publish","4":"has-post-thumbnail","6":"product_cat-pieces-de-rechange","8":"first","9":"instock","10":"taxable","11":"shipping-taxable","12":"purchasable","13":"product-type-simple"},"yoast_head":"<!-- This site is optimized with the Yoast SEO plugin v23.5 - https:\/\/yoast.com\/wordpress\/plugins\/seo\/ -->\n<title>Graisse N-850 EP-2 5Kg - Trituradoras | Rotocultivadores | Maquinaria agr\u00edcola<\/title>\n<meta name=\"robots\" content=\"index, follow, max-snippet:-1, max-image-preview:large, max-video-preview:-1\" \/>\n<link rel=\"canonical\" href=\"https:\/\/enguix.com\/fr\/produit\/grasa-n-850-ep-2-5kg\/\" \/>\n<meta property=\"og:locale\" content=\"fr_FR\" \/>\n<meta property=\"og:type\" content=\"article\" \/>\n<meta property=\"og:title\" content=\"Graisse N-850 EP-2 5Kg - Trituradoras | Rotocultivadores | Maquinaria agr\u00edcola\" \/>\n<meta property=\"og:description\" content=\"Graisse lubrifiante pour m\u00e9canismes surcharg\u00e9s, graisse au lithium, excellentes propri\u00e9t\u00e9s anti-usure extr\u00eame pression.\" \/>\n<meta property=\"og:url\" content=\"https:\/\/enguix.com\/fr\/produit\/grasa-n-850-ep-2-5kg\/\" \/>\n<meta property=\"og:site_name\" content=\"Trituradoras | Rotocultivadores | Maquinaria agr\u00edcola\" \/>\n<meta property=\"article:publisher\" content=\"https:\/\/www.facebook.com\/ENGUIXSL\" \/>\n<meta property=\"og:image\" content=\"https:\/\/enguix.com\/wp-content\/uploads\/2023\/01\/grasa5kg.jpg\" \/>\n\t<meta property=\"og:image:width\" content=\"800\" \/>\n\t<meta property=\"og:image:height\" content=\"800\" \/>\n\t<meta property=\"og:image:type\" content=\"image\/jpeg\" \/>\n<meta name=\"twitter:card\" content=\"summary_large_image\" \/>\n<script type=\"application\/ld+json\" class=\"yoast-schema-graph\">{\"@context\":\"https:\/\/schema.org\",\"@graph\":[{\"@type\":\"WebPage\",\"@id\":\"https:\/\/enguix.com\/fr\/produit\/grasa-n-850-ep-2-5kg\/\",\"url\":\"https:\/\/enguix.com\/fr\/produit\/grasa-n-850-ep-2-5kg\/\",\"name\":\"Graisse N-850 EP-2 5Kg - Trituradoras | Rotocultivadores | Maquinaria agr\u00edcola\",\"isPartOf\":{\"@id\":\"https:\/\/enguix.com\/fr\/#website\"},\"primaryImageOfPage\":{\"@id\":\"https:\/\/enguix.com\/fr\/produit\/grasa-n-850-ep-2-5kg\/#primaryimage\"},\"image\":{\"@id\":\"https:\/\/enguix.com\/fr\/produit\/grasa-n-850-ep-2-5kg\/#primaryimage\"},\"thumbnailUrl\":\"https:\/\/enguix.com\/wp-content\/uploads\/2023\/01\/grasa5kg.jpg\",\"datePublished\":\"2023-01-03T17:48:16+00:00\",\"dateModified\":\"2023-01-03T17:48:16+00:00\",\"breadcrumb\":{\"@id\":\"https:\/\/enguix.com\/fr\/produit\/grasa-n-850-ep-2-5kg\/#breadcrumb\"},\"inLanguage\":\"fr-FR\",\"potentialAction\":[{\"@type\":\"ReadAction\",\"target\":[\"https:\/\/enguix.com\/fr\/produit\/grasa-n-850-ep-2-5kg\/\"]}]},{\"@type\":\"ImageObject\",\"inLanguage\":\"fr-FR\",\"@id\":\"https:\/\/enguix.com\/fr\/produit\/grasa-n-850-ep-2-5kg\/#primaryimage\",\"url\":\"https:\/\/enguix.com\/wp-content\/uploads\/2023\/01\/grasa5kg.jpg\",\"contentUrl\":\"https:\/\/enguix.com\/wp-content\/uploads\/2023\/01\/grasa5kg.jpg\",\"width\":800,\"height\":800},{\"@type\":\"BreadcrumbList\",\"@id\":\"https:\/\/enguix.com\/fr\/produit\/grasa-n-850-ep-2-5kg\/#breadcrumb\",\"itemListElement\":[{\"@type\":\"ListItem\",\"position\":1,\"name\":\"Produits\",\"item\":\"https:\/\/enguix.com\/fr\/produits\/\"},{\"@type\":\"ListItem\",\"position\":2,\"name\":\"Graisse N-850 EP-2 5Kg\"}]},{\"@type\":\"WebSite\",\"@id\":\"https:\/\/enguix.com\/fr\/#website\",\"url\":\"https:\/\/enguix.com\/fr\/\",\"name\":\"Trituradoras | Rotocultivadores | Maquinaria agr\u00edcola\",\"description\":\"Trituradoras. Rotocultivadores. Desbrozadoras y maquinaria agr\u00edcola\",\"potentialAction\":[{\"@type\":\"SearchAction\",\"target\":{\"@type\":\"EntryPoint\",\"urlTemplate\":\"https:\/\/enguix.com\/fr\/?s={search_term_string}\"},\"query-input\":{\"@type\":\"PropertyValueSpecification\",\"valueRequired\":true,\"valueName\":\"search_term_string\"}}],\"inLanguage\":\"fr-FR\"}]}<\/script>\n<!-- \/ Yoast SEO plugin. -->","yoast_head_json":{"title":"Graisse N-850 EP-2 5Kg - Trituradoras | Rotocultivadores | Maquinaria agr\u00edcola","robots":{"index":"index","follow":"follow","max-snippet":"max-snippet:-1","max-image-preview":"max-image-preview:large","max-video-preview":"max-video-preview:-1"},"canonical":"https:\/\/enguix.com\/fr\/produit\/grasa-n-850-ep-2-5kg\/","og_locale":"fr_FR","og_type":"article","og_title":"Graisse N-850 EP-2 5Kg - Trituradoras | Rotocultivadores | Maquinaria agr\u00edcola","og_description":"Graisse lubrifiante pour m\u00e9canismes surcharg\u00e9s, graisse au lithium, excellentes propri\u00e9t\u00e9s anti-usure extr\u00eame pression.","og_url":"https:\/\/enguix.com\/fr\/produit\/grasa-n-850-ep-2-5kg\/","og_site_name":"Trituradoras | Rotocultivadores | Maquinaria agr\u00edcola","article_publisher":"https:\/\/www.facebook.com\/ENGUIXSL","og_image":[{"width":800,"height":800,"url":"https:\/\/enguix.com\/wp-content\/uploads\/2023\/01\/grasa5kg.jpg","type":"image\/jpeg"}],"twitter_card":"summary_large_image","schema":{"@context":"https:\/\/schema.org","@graph":[{"@type":"WebPage","@id":"https:\/\/enguix.com\/fr\/produit\/grasa-n-850-ep-2-5kg\/","url":"https:\/\/enguix.com\/fr\/produit\/grasa-n-850-ep-2-5kg\/","name":"Graisse N-850 EP-2 5Kg - Trituradoras | Rotocultivadores | Maquinaria agr\u00edcola","isPartOf":{"@id":"https:\/\/enguix.com\/fr\/#website"},"primaryImageOfPage":{"@id":"https:\/\/enguix.com\/fr\/produit\/grasa-n-850-ep-2-5kg\/#primaryimage"},"image":{"@id":"https:\/\/enguix.com\/fr\/produit\/grasa-n-850-ep-2-5kg\/#primaryimage"},"thumbnailUrl":"https:\/\/enguix.com\/wp-content\/uploads\/2023\/01\/grasa5kg.jpg","datePublished":"2023-01-03T17:48:16+00:00","dateModified":"2023-01-03T17:48:16+00:00","breadcrumb":{"@id":"https:\/\/enguix.com\/fr\/produit\/grasa-n-850-ep-2-5kg\/#breadcrumb"},"inLanguage":"fr-FR","potentialAction":[{"@type":"ReadAction","target":["https:\/\/enguix.com\/fr\/produit\/grasa-n-850-ep-2-5kg\/"]}]},{"@type":"ImageObject","inLanguage":"fr-FR","@id":"https:\/\/enguix.com\/fr\/produit\/grasa-n-850-ep-2-5kg\/#primaryimage","url":"https:\/\/enguix.com\/wp-content\/uploads\/2023\/01\/grasa5kg.jpg","contentUrl":"https:\/\/enguix.com\/wp-content\/uploads\/2023\/01\/grasa5kg.jpg","width":800,"height":800},{"@type":"BreadcrumbList","@id":"https:\/\/enguix.com\/fr\/produit\/grasa-n-850-ep-2-5kg\/#breadcrumb","itemListElement":[{"@type":"ListItem","position":1,"name":"Produits","item":"https:\/\/enguix.com\/fr\/produits\/"},{"@type":"ListItem","position":2,"name":"Graisse N-850 EP-2 5Kg"}]},{"@type":"WebSite","@id":"https:\/\/enguix.com\/fr\/#website","url":"https:\/\/enguix.com\/fr\/","name":"Trituradoras | Rotocultivadores | Maquinaria agr\u00edcola","description":"Trituradoras. Rotocultivadores. Desbrozadoras y maquinaria agr\u00edcola","potentialAction":[{"@type":"SearchAction","target":{"@type":"EntryPoint","urlTemplate":"https:\/\/enguix.com\/fr\/?s={search_term_string}"},"query-input":{"@type":"PropertyValueSpecification","valueRequired":true,"valueName":"search_term_string"}}],"inLanguage":"fr-FR"}]}},"_links":{"self":[{"href":"https:\/\/enguix.com\/fr\/wp-json\/wp\/v2\/product\/4975"}],"collection":[{"href":"https:\/\/enguix.com\/fr\/wp-json\/wp\/v2\/product"}],"about":[{"href":"https:\/\/enguix.com\/fr\/wp-json\/wp\/v2\/types\/product"}],"wp:featuredmedia":[{"embeddable":true,"href":"https:\/\/enguix.com\/fr\/wp-json\/wp\/v2\/media\/4960"}],"wp:attachment":[{"href":"https:\/\/enguix.com\/fr\/wp-json\/wp\/v2\/media?parent=4975"}],"wp:term":[{"taxonomy":"product_cat","embeddable":true,"href":"https:\/\/enguix.com\/fr\/wp-json\/wp\/v2\/product_cat?post=4975"},{"taxonomy":"product_tag","embeddable":true,"href":"https:\/\/enguix.com\/fr\/wp-json\/wp\/v2\/product_tag?post=4975"}],"curies":[{"name":"wp","href":"https:\/\/api.w.org\/{rel}","templated":true}]}}