{"id":168,"date":"2017-01-23T11:58:10","date_gmt":"2017-01-23T11:58:10","guid":{"rendered":"https:\/\/enguix.com\/product\/options-fraise-rotative\/"},"modified":"2024-12-01T08:08:54","modified_gmt":"2024-12-01T07:08:54","slug":"options-fraise-rotative","status":"publish","type":"product","link":"https:\/\/enguix.com\/fr\/produit\/options-fraise-rotative\/","title":{"rendered":"OPTIONS FRAISE ROTATIVE"},"content":{"rendered":"<table>\n<tbody>\n<tr>\n<th width=\"25%\">LARGEUR TOTALE <\/th>\n<th width=\"84%\">DESCRIPTION<\/th>\n<\/tr>\n<tr>\n<td><strong>MAXIMUM&nbsp;&nbsp;&nbsp;&nbsp;&nbsp;&nbsp;&nbsp; 1,995<br \/>42 COUTEAUX <br \/><\/strong><\/td>\n<td>CHARRUE POUR SILLON FIXE <br \/>CHARRUE POUR SILLON HYDRAULIQUE <br \/>ROULEAU HYDRAULIQUE DE CR\u00caTE OU BARRE <br \/>ROULEAU M\u00c9CANIQUE DE CR\u00caTE OU BARRE <br \/>ROULEAU EN T HYDRAULIQUE POUR <br \/>ROULEAU CYLINDRIQUE HYDRAULIQUE <br \/>ROULEAU CYLINDRIQUE M\u00c9CANIQUE<\/td>\n<\/tr>\n<tr>\n<td><\/td>\n<td><\/td>\n<\/tr>\n<tr>\n<td><strong>MAXIMUM&nbsp;&nbsp;&nbsp;&nbsp;&nbsp;&nbsp;&nbsp; 2,564<br \/>54 COUTEAUX <br \/><\/strong><\/td>\n<td>CHARRUE POUR SILLON FIXE <br \/>CHARRUE POUR SILLON HYDRAULIQUE <br \/>ROULEAU HYDRAULIQUE DE CR\u00caTE OU BARRE <br \/>ROULEAU M\u00c9CANIQUE DE CR\u00caTE OU BARRE <br \/>ROULEAU EN T HYDRAULIQUE POUR <br \/>ROULEAU CYLINDRIQUE HYDRAULIQUE <br \/>ROULEAU CYLINDRIQUE M\u00c9CANIQUE<\/td>\n<\/tr>\n<tr>\n<td>&nbsp;<\/td>\n<td>&nbsp;<\/td>\n<\/tr>\n<tr>\n<td><strong>MAXIMUM&nbsp;&nbsp;&nbsp;&nbsp;&nbsp; 3,092<br \/>66 COUTEAUX <br \/><\/strong><\/td>\n<td>CHARRUE POUR SILLON FIXE <br \/>CHARRUE POUR SILLON HYDRAULIQUE <br \/>ROULEAU HYDRAULIQUE DE CR\u00caTE OU BARRE <br \/>ROULEAU M\u00c9CANIQUE DE CR\u00caTE OU BARRE <br \/>ROULEAU EN T HYDRAULIQUE POUR <br \/>ROULEAU CYLINDRIQUE HYDRAULIQUE <br \/>ROULEAU CYLINDRIQUE M\u00c9CANIQUE<\/td>\n<\/tr>\n<tr>\n<td>&nbsp;<\/td>\n<td>&nbsp;<\/td>\n<\/tr>\n<tr>\n<td><strong><\/strong><strong>MAXIMUM&nbsp;&nbsp;&nbsp;&nbsp;&nbsp;&nbsp;&nbsp; 3,638<br \/>78 COUTEAUX <br \/><\/strong><\/td>\n<td>CHARRUE POUR SILLON FIXE <br \/>CHARRUE POUR SILLON HYDRAULIQUE <br \/>ROULEAU HYDRAULIQUE DE CR\u00caTE OU BARRE <br \/>ROULEAU M\u00c9CANIQUE DE CR\u00caTE OU BARRE <br \/>ROULEAU EN T HYDRAULIQUE POUR <br \/>ROULEAU CYLINDRIQUE HYDRAULIQUE <br \/>ROULEAU CYLINDRIQUE M\u00c9CANIQUE<\/td>\n<\/tr>\n<\/tbody>\n<\/table>\n","protected":false},"excerpt":{"rendered":"<p>&nbsp;<\/p>\n<div id=\"enquiry\">\n<a href=\"https:\/\/enguix.com\/pdf\/fr\/21-CT-OPTIONS-FRAISES-ROTATIVES.pdf\" class=\"lol-button\" target=\"_blank\" rel=\"noopener\">T\u00e9l\u00e9charger<\/a>\n     <\/div>\n<p>[vc_row type=\u00a0\u00bbin_container\u00a0\u00bb full_screen_row_position=\u00a0\u00bbmiddle\u00a0\u00bb column_margin=\u00a0\u00bbdefault\u00a0\u00bb column_direction=\u00a0\u00bbdefault\u00a0\u00bb column_direction_tablet=\u00a0\u00bbdefault\u00a0\u00bb column_direction_phone=\u00a0\u00bbdefault\u00a0\u00bb scene_position=\u00a0\u00bbcenter\u00a0\u00bb text_color=\u00a0\u00bbdark\u00a0\u00bb text_align=\u00a0\u00bbleft\u00a0\u00bb row_border_radius=\u00a0\u00bbnone\u00a0\u00bb row_border_radius_applies=\u00a0\u00bbbg\u00a0\u00bb overflow=\u00a0\u00bbvisible\u00a0\u00bb overlay_strength=\u00a0\u00bb0.3&Prime; gradient_direction=\u00a0\u00bbleft_to_right\u00a0\u00bb shape_divider_position=\u00a0\u00bbbottom\u00a0\u00bb bg_image_animation=\u00a0\u00bbnone\u00a0\u00bb][vc_column column_padding=\u00a0\u00bbno-extra-padding\u00a0\u00bb column_padding_tablet=\u00a0\u00bbinherit\u00a0\u00bb column_padding_phone=\u00a0\u00bbinherit\u00a0\u00bb column_padding_position=\u00a0\u00bball\u00a0\u00bb column_element_direction_desktop=\u00a0\u00bbdefault\u00a0\u00bb column_element_spacing=\u00a0\u00bbdefault\u00a0\u00bb desktop_text_alignment=\u00a0\u00bbdefault\u00a0\u00bb tablet_text_alignment=\u00a0\u00bbdefault\u00a0\u00bb phone_text_alignment=\u00a0\u00bbdefault\u00a0\u00bb background_color_opacity=\u00a0\u00bb1&Prime; background_hover_color_opacity=\u00a0\u00bb1&Prime; column_backdrop_filter=\u00a0\u00bbnone\u00a0\u00bb column_shadow=\u00a0\u00bbnone\u00a0\u00bb column_border_radius=\u00a0\u00bbnone\u00a0\u00bb column_link_target=\u00a0\u00bb_self\u00a0\u00bb column_position=\u00a0\u00bbdefault\u00a0\u00bb gradient_direction=\u00a0\u00bbleft_to_right\u00a0\u00bb overlay_strength=\u00a0\u00bb0.3&Prime; width=\u00a0\u00bb1\/1&Prime; tablet_width_inherit=\u00a0\u00bbdefault\u00a0\u00bb animation_type=\u00a0\u00bbdefault\u00a0\u00bb bg_image_animation=\u00a0\u00bbnone\u00a0\u00bb border_type=\u00a0\u00bbsimple\u00a0\u00bb column_border_width=\u00a0\u00bbnone\u00a0\u00bb column_border_style=\u00a0\u00bbsolid\u00a0\u00bb][vc_column_text]<\/p>\n<p>[\/vc_column_text][nectar_btn size=\u00a0\u00bblarge\u00a0\u00bb button_style=\u00a0\u00bbregular\u00a0\u00bb button_color_2=\u00a0\u00bbAccent-Color\u00a0\u00bb icon_family=\u00a0\u00bbiconsmind\u00a0\u00bb el_class=\u00a0\u00bbopen-pop-fr\u00a0\u00bb text=\u00a0\u00bbDemander des informations\u00a0\u00bb url=\u00a0\u00bb#\u00a0\u00bb icon_iconsmind=\u00a0\u00bbiconsmind-Email\u00a0\u00bb][\/vc_column][\/vc_row]<\/p>\n","protected":false},"featured_media":351,"template":"","meta":[],"product_cat":[21],"product_tag":[],"class_list":{"0":"post-168","1":"product","2":"type-product","3":"status-publish","4":"has-post-thumbnail","6":"product_cat-fraises-rotatives","8":"first","9":"instock","10":"taxable","11":"shipping-taxable","12":"product-type-simple"},"yoast_head":"<!-- This site is optimized with the Yoast SEO plugin v23.5 - https:\/\/yoast.com\/wordpress\/plugins\/seo\/ -->\n<title>OPTIONS FRAISE ROTATIVE - Trituradoras | Rotocultivadores | Maquinaria agr\u00edcola<\/title>\n<meta name=\"robots\" content=\"index, follow, max-snippet:-1, max-image-preview:large, max-video-preview:-1\" \/>\n<link rel=\"canonical\" href=\"https:\/\/enguix.com\/fr\/produit\/options-fraise-rotative\/\" \/>\n<meta property=\"og:locale\" content=\"fr_FR\" \/>\n<meta property=\"og:type\" content=\"article\" \/>\n<meta property=\"og:title\" content=\"OPTIONS FRAISE ROTATIVE - Trituradoras | Rotocultivadores | Maquinaria agr\u00edcola\" \/>\n<meta property=\"og:description\" content=\"&nbsp;   T\u00e9l\u00e9charger     [vc_row type=&quot;in_container&quot; full_screen_row_position=&quot;middle&quot; column_margin=&quot;default&quot; column_direction=&quot;default&quot; column_direction_tablet=&quot;default&quot; column_direction_phone=&quot;default&quot; scene_position=&quot;center&quot; text_color=&quot;dark&quot; text_align=&quot;left&quot; row_border_radius=&quot;none&quot; row_border_radius_applies=&quot;bg&quot; overflow=&quot;visible&quot; overlay_strength=&quot;0.3&quot; gradient_direction=&quot;left_to_right&quot; shape_divider_position=&quot;bottom&quot; bg_image_animation=&quot;none&quot;][vc_column column_padding=&quot;no-extra-padding&quot; column_padding_tablet=&quot;inherit&quot; column_padding_phone=&quot;inherit&quot; column_padding_position=&quot;all&quot; column_element_direction_desktop=&quot;default&quot; column_element_spacing=&quot;default&quot; desktop_text_alignment=&quot;default&quot; tablet_text_alignment=&quot;default&quot; phone_text_alignment=&quot;default&quot; background_color_opacity=&quot;1&quot; background_hover_color_opacity=&quot;1&quot; column_backdrop_filter=&quot;none&quot; column_shadow=&quot;none&quot; column_border_radius=&quot;none&quot; column_link_target=&quot;_self&quot; column_position=&quot;default&quot; gradient_direction=&quot;left_to_right&quot; overlay_strength=&quot;0.3&quot; width=&quot;1\/1&quot; tablet_width_inherit=&quot;default&quot; animation_type=&quot;default&quot; bg_image_animation=&quot;none&quot; border_type=&quot;simple&quot; column_border_width=&quot;none&quot; column_border_style=&quot;solid&quot;][vc_column_text] [\/vc_column_text][nectar_btn size=&quot;large&quot; button_style=&quot;regular&quot; button_color_2=&quot;Accent-Color&quot; icon_family=&quot;iconsmind&quot; el_class=&quot;open-pop-fr&quot; text=&quot;Demander des informations&quot; url=&quot;#&quot; icon_iconsmind=&quot;iconsmind-Email&quot;][\/vc_column][\/vc_row]\" \/>\n<meta property=\"og:url\" content=\"https:\/\/enguix.com\/fr\/produit\/options-fraise-rotative\/\" \/>\n<meta property=\"og:site_name\" content=\"Trituradoras | Rotocultivadores | Maquinaria agr\u00edcola\" \/>\n<meta property=\"article:publisher\" content=\"https:\/\/www.facebook.com\/ENGUIXSL\" \/>\n<meta property=\"article:modified_time\" content=\"2024-12-01T07:08:54+00:00\" \/>\n<meta property=\"og:image\" content=\"https:\/\/enguix.com\/wp-content\/uploads\/2017\/01\/detalle_trabajo_surcadora_hidr_ulica_2_rotocultivador_enguix.jpg\" \/>\n\t<meta property=\"og:image:width\" content=\"720\" \/>\n\t<meta property=\"og:image:height\" content=\"720\" \/>\n\t<meta property=\"og:image:type\" content=\"image\/jpeg\" \/>\n<meta name=\"twitter:card\" content=\"summary_large_image\" \/>\n<meta name=\"twitter:label1\" content=\"Dur\u00e9e de lecture estim\u00e9e\" \/>\n\t<meta name=\"twitter:data1\" content=\"1 minute\" \/>\n<script type=\"application\/ld+json\" class=\"yoast-schema-graph\">{\"@context\":\"https:\/\/schema.org\",\"@graph\":[{\"@type\":\"WebPage\",\"@id\":\"https:\/\/enguix.com\/fr\/produit\/options-fraise-rotative\/\",\"url\":\"https:\/\/enguix.com\/fr\/produit\/options-fraise-rotative\/\",\"name\":\"OPTIONS FRAISE ROTATIVE - Trituradoras | Rotocultivadores | Maquinaria agr\u00edcola\",\"isPartOf\":{\"@id\":\"https:\/\/enguix.com\/fr\/#website\"},\"primaryImageOfPage\":{\"@id\":\"https:\/\/enguix.com\/fr\/produit\/options-fraise-rotative\/#primaryimage\"},\"image\":{\"@id\":\"https:\/\/enguix.com\/fr\/produit\/options-fraise-rotative\/#primaryimage\"},\"thumbnailUrl\":\"https:\/\/enguix.com\/wp-content\/uploads\/2017\/01\/detalle_trabajo_surcadora_hidr_ulica_2_rotocultivador_enguix.jpg\",\"datePublished\":\"2017-01-23T11:58:10+00:00\",\"dateModified\":\"2024-12-01T07:08:54+00:00\",\"breadcrumb\":{\"@id\":\"https:\/\/enguix.com\/fr\/produit\/options-fraise-rotative\/#breadcrumb\"},\"inLanguage\":\"fr-FR\",\"potentialAction\":[{\"@type\":\"ReadAction\",\"target\":[\"https:\/\/enguix.com\/fr\/produit\/options-fraise-rotative\/\"]}]},{\"@type\":\"ImageObject\",\"inLanguage\":\"fr-FR\",\"@id\":\"https:\/\/enguix.com\/fr\/produit\/options-fraise-rotative\/#primaryimage\",\"url\":\"https:\/\/enguix.com\/wp-content\/uploads\/2017\/01\/detalle_trabajo_surcadora_hidr_ulica_2_rotocultivador_enguix.jpg\",\"contentUrl\":\"https:\/\/enguix.com\/wp-content\/uploads\/2017\/01\/detalle_trabajo_surcadora_hidr_ulica_2_rotocultivador_enguix.jpg\",\"width\":720,\"height\":720,\"caption\":\"Foto: Enguix\"},{\"@type\":\"BreadcrumbList\",\"@id\":\"https:\/\/enguix.com\/fr\/produit\/options-fraise-rotative\/#breadcrumb\",\"itemListElement\":[{\"@type\":\"ListItem\",\"position\":1,\"name\":\"Produits\",\"item\":\"https:\/\/enguix.com\/fr\/produits\/\"},{\"@type\":\"ListItem\",\"position\":2,\"name\":\"OPTIONS FRAISE ROTATIVE\"}]},{\"@type\":\"WebSite\",\"@id\":\"https:\/\/enguix.com\/fr\/#website\",\"url\":\"https:\/\/enguix.com\/fr\/\",\"name\":\"Trituradoras | Rotocultivadores | Maquinaria agr\u00edcola\",\"description\":\"Trituradoras. Rotocultivadores. Desbrozadoras y maquinaria agr\u00edcola\",\"potentialAction\":[{\"@type\":\"SearchAction\",\"target\":{\"@type\":\"EntryPoint\",\"urlTemplate\":\"https:\/\/enguix.com\/fr\/?s={search_term_string}\"},\"query-input\":{\"@type\":\"PropertyValueSpecification\",\"valueRequired\":true,\"valueName\":\"search_term_string\"}}],\"inLanguage\":\"fr-FR\"}]}<\/script>\n<!-- \/ Yoast SEO plugin. -->","yoast_head_json":{"title":"OPTIONS FRAISE ROTATIVE - Trituradoras | Rotocultivadores | Maquinaria agr\u00edcola","robots":{"index":"index","follow":"follow","max-snippet":"max-snippet:-1","max-image-preview":"max-image-preview:large","max-video-preview":"max-video-preview:-1"},"canonical":"https:\/\/enguix.com\/fr\/produit\/options-fraise-rotative\/","og_locale":"fr_FR","og_type":"article","og_title":"OPTIONS FRAISE ROTATIVE - Trituradoras | Rotocultivadores | Maquinaria agr\u00edcola","og_description":"&nbsp;   T\u00e9l\u00e9charger     [vc_row type=\"in_container\" full_screen_row_position=\"middle\" column_margin=\"default\" column_direction=\"default\" column_direction_tablet=\"default\" column_direction_phone=\"default\" scene_position=\"center\" text_color=\"dark\" text_align=\"left\" row_border_radius=\"none\" row_border_radius_applies=\"bg\" overflow=\"visible\" overlay_strength=\"0.3\" gradient_direction=\"left_to_right\" shape_divider_position=\"bottom\" bg_image_animation=\"none\"][vc_column column_padding=\"no-extra-padding\" column_padding_tablet=\"inherit\" column_padding_phone=\"inherit\" column_padding_position=\"all\" column_element_direction_desktop=\"default\" column_element_spacing=\"default\" desktop_text_alignment=\"default\" tablet_text_alignment=\"default\" phone_text_alignment=\"default\" background_color_opacity=\"1\" background_hover_color_opacity=\"1\" column_backdrop_filter=\"none\" column_shadow=\"none\" column_border_radius=\"none\" column_link_target=\"_self\" column_position=\"default\" gradient_direction=\"left_to_right\" overlay_strength=\"0.3\" width=\"1\/1\" tablet_width_inherit=\"default\" animation_type=\"default\" bg_image_animation=\"none\" border_type=\"simple\" column_border_width=\"none\" column_border_style=\"solid\"][vc_column_text] [\/vc_column_text][nectar_btn size=\"large\" button_style=\"regular\" button_color_2=\"Accent-Color\" icon_family=\"iconsmind\" el_class=\"open-pop-fr\" text=\"Demander des informations\" url=\"#\" icon_iconsmind=\"iconsmind-Email\"][\/vc_column][\/vc_row]","og_url":"https:\/\/enguix.com\/fr\/produit\/options-fraise-rotative\/","og_site_name":"Trituradoras | Rotocultivadores | Maquinaria agr\u00edcola","article_publisher":"https:\/\/www.facebook.com\/ENGUIXSL","article_modified_time":"2024-12-01T07:08:54+00:00","og_image":[{"width":720,"height":720,"url":"https:\/\/enguix.com\/wp-content\/uploads\/2017\/01\/detalle_trabajo_surcadora_hidr_ulica_2_rotocultivador_enguix.jpg","type":"image\/jpeg"}],"twitter_card":"summary_large_image","twitter_misc":{"Dur\u00e9e de lecture estim\u00e9e":"1 minute"},"schema":{"@context":"https:\/\/schema.org","@graph":[{"@type":"WebPage","@id":"https:\/\/enguix.com\/fr\/produit\/options-fraise-rotative\/","url":"https:\/\/enguix.com\/fr\/produit\/options-fraise-rotative\/","name":"OPTIONS FRAISE ROTATIVE - Trituradoras | Rotocultivadores | Maquinaria agr\u00edcola","isPartOf":{"@id":"https:\/\/enguix.com\/fr\/#website"},"primaryImageOfPage":{"@id":"https:\/\/enguix.com\/fr\/produit\/options-fraise-rotative\/#primaryimage"},"image":{"@id":"https:\/\/enguix.com\/fr\/produit\/options-fraise-rotative\/#primaryimage"},"thumbnailUrl":"https:\/\/enguix.com\/wp-content\/uploads\/2017\/01\/detalle_trabajo_surcadora_hidr_ulica_2_rotocultivador_enguix.jpg","datePublished":"2017-01-23T11:58:10+00:00","dateModified":"2024-12-01T07:08:54+00:00","breadcrumb":{"@id":"https:\/\/enguix.com\/fr\/produit\/options-fraise-rotative\/#breadcrumb"},"inLanguage":"fr-FR","potentialAction":[{"@type":"ReadAction","target":["https:\/\/enguix.com\/fr\/produit\/options-fraise-rotative\/"]}]},{"@type":"ImageObject","inLanguage":"fr-FR","@id":"https:\/\/enguix.com\/fr\/produit\/options-fraise-rotative\/#primaryimage","url":"https:\/\/enguix.com\/wp-content\/uploads\/2017\/01\/detalle_trabajo_surcadora_hidr_ulica_2_rotocultivador_enguix.jpg","contentUrl":"https:\/\/enguix.com\/wp-content\/uploads\/2017\/01\/detalle_trabajo_surcadora_hidr_ulica_2_rotocultivador_enguix.jpg","width":720,"height":720,"caption":"Foto: Enguix"},{"@type":"BreadcrumbList","@id":"https:\/\/enguix.com\/fr\/produit\/options-fraise-rotative\/#breadcrumb","itemListElement":[{"@type":"ListItem","position":1,"name":"Produits","item":"https:\/\/enguix.com\/fr\/produits\/"},{"@type":"ListItem","position":2,"name":"OPTIONS FRAISE ROTATIVE"}]},{"@type":"WebSite","@id":"https:\/\/enguix.com\/fr\/#website","url":"https:\/\/enguix.com\/fr\/","name":"Trituradoras | Rotocultivadores | Maquinaria agr\u00edcola","description":"Trituradoras. Rotocultivadores. Desbrozadoras y maquinaria agr\u00edcola","potentialAction":[{"@type":"SearchAction","target":{"@type":"EntryPoint","urlTemplate":"https:\/\/enguix.com\/fr\/?s={search_term_string}"},"query-input":{"@type":"PropertyValueSpecification","valueRequired":true,"valueName":"search_term_string"}}],"inLanguage":"fr-FR"}]}},"_links":{"self":[{"href":"https:\/\/enguix.com\/fr\/wp-json\/wp\/v2\/product\/168"}],"collection":[{"href":"https:\/\/enguix.com\/fr\/wp-json\/wp\/v2\/product"}],"about":[{"href":"https:\/\/enguix.com\/fr\/wp-json\/wp\/v2\/types\/product"}],"wp:featuredmedia":[{"embeddable":true,"href":"https:\/\/enguix.com\/fr\/wp-json\/wp\/v2\/media\/351"}],"wp:attachment":[{"href":"https:\/\/enguix.com\/fr\/wp-json\/wp\/v2\/media?parent=168"}],"wp:term":[{"taxonomy":"product_cat","embeddable":true,"href":"https:\/\/enguix.com\/fr\/wp-json\/wp\/v2\/product_cat?post=168"},{"taxonomy":"product_tag","embeddable":true,"href":"https:\/\/enguix.com\/fr\/wp-json\/wp\/v2\/product_tag?post=168"}],"curies":[{"name":"wp","href":"https:\/\/api.w.org\/{rel}","templated":true}]}}