{"id":164,"date":"2017-01-23T11:40:50","date_gmt":"2017-01-23T11:40:50","guid":{"rendered":"https:\/\/enguix.com\/product\/fraise-rotative-modele-fs-de-80-a-180-c-v\/"},"modified":"2024-12-01T08:09:04","modified_gmt":"2024-12-01T07:09:04","slug":"fraise-rotative-modele-fs-de-80-a-180-c-v","status":"publish","type":"product","link":"https:\/\/enguix.com\/fr\/produit\/fraise-rotative-modele-fs-de-80-a-180-c-v\/","title":{"rendered":"FRAISE ROTATIVE MOD\u00c8LE FS de 80 \u00e0 180 C.V."},"content":{"rendered":"<p><iframe loading=\"lazy\" width=\"560\" height=\"315\" src=\"https:\/\/www.youtube.com\/embed\/fVV5Qyfb-DU?feature=player_embedded\" frameborder=\"0\" allowfullscreen><\/iframe><\/p>\n<table>\n<tbody>\n<tr>\n<th>MOD\u00c8LE <\/th>\n<th>NOMBRE DE COUTEAUX<\/th>\n<th>LARGEUR DE COUPE <\/th>\n<th>LARGEUR TOTALE<\/th>\n<th>PUISSANCE MAXIMALE <\/th>\n<th>POIDS <\/th>\n<\/tr>\n<tr>\n<td><strong>FS-45<\/strong><\/td>\n<td>45<\/td>\n<td>2,049<\/td>\n<td>2,177<\/td>\n<td>80 a 180<\/td>\n<td>975<\/td>\n<\/tr>\n<tr>\n<td><strong><strong>FS-48<\/strong><\/strong><\/td>\n<td>48<\/td>\n<td>2,173<\/td>\n<td>2,301<\/td>\n<td>90 a 180<\/td>\n<td>995<\/td>\n<\/tr>\n<tr>\n<td><strong><strong>FS-51<\/strong><\/strong><\/td>\n<td>51<\/td>\n<td>2,312<\/td>\n<td>2,440<\/td>\n<td>100 a 180<\/td>\n<td>1015<\/td>\n<\/tr>\n<tr>\n<td><strong><strong>FS-54<\/strong><\/strong><\/td>\n<td>54<\/td>\n<td>2,436<\/td>\n<td>2,564<\/td>\n<td>110 a 180<\/td>\n<td>1035<\/td>\n<\/tr>\n<tr>\n<td><strong><strong>FS-57<\/strong><\/strong><\/td>\n<td>57<\/td>\n<td>2,575<\/td>\n<td>2,703<\/td>\n<td>115 a 180<\/td>\n<td>1055<\/td>\n<\/tr>\n<tr>\n<td><strong><strong>FS-60<\/strong><\/strong><\/td>\n<td>60<\/td>\n<td>2,699<\/td>\n<td>2,827<\/td>\n<td>120 a 180<\/td>\n<td>1075<\/td>\n<\/tr>\n<tr>\n<td><strong><strong>FS-63<\/strong><\/strong><\/td>\n<td>63<\/td>\n<td>2,838<\/td>\n<td>2,963<\/td>\n<td>125 a 180<\/td>\n<td>1105<\/td>\n<\/tr>\n<tr>\n<td><strong><strong>FS-66<\/strong><\/strong><\/td>\n<td>66<\/td>\n<td>2,962<\/td>\n<td>3,092<\/td>\n<td>130 a 180<\/td>\n<td>1120<\/td>\n<\/tr>\n<\/tbody>\n<\/table>\n<table>\n<tbody>\n<tr>\n<th width=\"16%\">CODE<\/th>\n<th width=\"84%\">DESCRIPTION<\/th>\n<\/tr>\n<tr>\n<td><strong>01020<\/strong><\/td>\n<td>AILETTES PLIABLES M\u00c9CANIQUES <\/td>\n<\/tr>\n<tr>\n<td><strong>01062<\/strong><\/td>\n<td>AILETTES PLIABLES HYDRAULIQUES <\/td>\n<\/tr>\n<tr>\n<td><strong>01000<\/strong><\/td>\n<td>COURROIE DE TRANSMISSION STRI\u00c9E <\/td>\n<\/tr>\n<tr>\n<td><strong>01186<\/strong><\/td>\n<td>TRANSMISSION AVEC LIMITEUR DE COUPLE <\/td>\n<\/tr>\n<tr>\n<td><strong>01010<\/strong><\/td>\n<td>CHARGEUR HORIZONTAL <\/td>\n<\/tr>\n<tr>\n<td><strong>Z1323<\/strong><\/td>\n<td>PROTECTION AILETTES ET CHARGEUR INOXYDABLE LLECTOR <\/td>\n<\/tr>\n<tr>\n<td><strong>01005<\/strong><\/td>\n<td>COUTEAU 10&nbsp;mm ET VIS SP\u00c9CIALES <\/td>\n<\/tr>\n<tr>\n<td><strong>01097<\/strong><\/td>\n<td>\u00c0 DISQUES <\/td>\n<\/tr>\n<tr>\n<td><strong>01039<\/strong><\/td>\n<td>GRILLE \u00c0 DROITE <\/td>\n<\/tr>\n<tr>\n<td><strong>01164<\/strong><\/td>\n<td>COUTEAU DROIT (4&nbsp;PAR DISQUE CARR\u00c9) <\/td>\n<\/tr>\n<tr>\n<td><strong>4\/DISCO<\/strong><\/td>\n<td>4&nbsp;COUTEAUX\/DISQUE POUR HERSAGE (RIZ) <\/td>\n<\/tr>\n<\/tbody>\n<\/table>\n","protected":false},"excerpt":{"rendered":"<ul>\n<li>Ch\u00e2ssis et tourelle renforc\u00e9s pour l&rsquo;option avec syst\u00e8me hydraulique de herse \u00e0 disques ou rouleaux<\/li>\n<li>Pointes renforc\u00e9es \u00e9tanches \u00e0 l&rsquo;huile en s\u00e9rie avec joints axiaux<\/li>\n<li>Nombre de tours et caract\u00e9ristiques adapt\u00e9es \u00e0 chaque tracteur<\/li>\n<li>Centr\u00e9 avec carter lat\u00e9ral et groupe en fonte nodulaire<\/li>\n<li>Inclut une transmission renforc\u00e9e avec embrayage de s\u00e9curit\u00e9<\/li>\n<li>Chargeur arri\u00e8re incurv\u00e9 pour un meilleur r\u00e9glage<\/li>\n<li>6 couteaux par disque, boulons et goupilles<\/li>\n<li>Transmission lat\u00e9rale par engrenages renforc\u00e9s<\/li>\n<li>Tracteurs avec hauteur maximale de prise de force de 85 cm.<\/li>\n<li>Avec groupe sup\u00e9rieur \u00e0 1 vitesse pour la prise de force haute<\/li>\n<\/ul>\n<p>&nbsp;<\/p>\n<div id=\"enquiry\">\n<a href=\"https:\/\/enguix.com\/pdf\/fr\/19-CT-FRAISES-ROTATIVES-FS-de-80-a-180-CV.pdf\" class=\"lol-button\" target=\"_blank\" rel=\"noopener\">T\u00e9l\u00e9charger<\/a>\n     <\/div>\n<p>[vc_row type=\u00a0\u00bbin_container\u00a0\u00bb full_screen_row_position=\u00a0\u00bbmiddle\u00a0\u00bb column_margin=\u00a0\u00bbdefault\u00a0\u00bb column_direction=\u00a0\u00bbdefault\u00a0\u00bb column_direction_tablet=\u00a0\u00bbdefault\u00a0\u00bb column_direction_phone=\u00a0\u00bbdefault\u00a0\u00bb scene_position=\u00a0\u00bbcenter\u00a0\u00bb text_color=\u00a0\u00bbdark\u00a0\u00bb text_align=\u00a0\u00bbleft\u00a0\u00bb row_border_radius=\u00a0\u00bbnone\u00a0\u00bb row_border_radius_applies=\u00a0\u00bbbg\u00a0\u00bb overflow=\u00a0\u00bbvisible\u00a0\u00bb overlay_strength=\u00a0\u00bb0.3&Prime; gradient_direction=\u00a0\u00bbleft_to_right\u00a0\u00bb shape_divider_position=\u00a0\u00bbbottom\u00a0\u00bb bg_image_animation=\u00a0\u00bbnone\u00a0\u00bb][vc_column column_padding=\u00a0\u00bbno-extra-padding\u00a0\u00bb column_padding_tablet=\u00a0\u00bbinherit\u00a0\u00bb column_padding_phone=\u00a0\u00bbinherit\u00a0\u00bb column_padding_position=\u00a0\u00bball\u00a0\u00bb column_element_direction_desktop=\u00a0\u00bbdefault\u00a0\u00bb column_element_spacing=\u00a0\u00bbdefault\u00a0\u00bb desktop_text_alignment=\u00a0\u00bbdefault\u00a0\u00bb tablet_text_alignment=\u00a0\u00bbdefault\u00a0\u00bb phone_text_alignment=\u00a0\u00bbdefault\u00a0\u00bb background_color_opacity=\u00a0\u00bb1&Prime; background_hover_color_opacity=\u00a0\u00bb1&Prime; column_backdrop_filter=\u00a0\u00bbnone\u00a0\u00bb column_shadow=\u00a0\u00bbnone\u00a0\u00bb column_border_radius=\u00a0\u00bbnone\u00a0\u00bb column_link_target=\u00a0\u00bb_self\u00a0\u00bb column_position=\u00a0\u00bbdefault\u00a0\u00bb gradient_direction=\u00a0\u00bbleft_to_right\u00a0\u00bb overlay_strength=\u00a0\u00bb0.3&Prime; width=\u00a0\u00bb1\/1&Prime; tablet_width_inherit=\u00a0\u00bbdefault\u00a0\u00bb animation_type=\u00a0\u00bbdefault\u00a0\u00bb bg_image_animation=\u00a0\u00bbnone\u00a0\u00bb border_type=\u00a0\u00bbsimple\u00a0\u00bb column_border_width=\u00a0\u00bbnone\u00a0\u00bb column_border_style=\u00a0\u00bbsolid\u00a0\u00bb][vc_column_text]<\/p>\n<p>[\/vc_column_text][nectar_btn size=\u00a0\u00bblarge\u00a0\u00bb button_style=\u00a0\u00bbregular\u00a0\u00bb button_color_2=\u00a0\u00bbAccent-Color\u00a0\u00bb icon_family=\u00a0\u00bbiconsmind\u00a0\u00bb el_class=\u00a0\u00bbopen-pop-fr\u00a0\u00bb text=\u00a0\u00bbDemander des informations\u00a0\u00bb url=\u00a0\u00bb#\u00a0\u00bb icon_iconsmind=\u00a0\u00bbiconsmind-Email\u00a0\u00bb][\/vc_column][\/vc_row]<\/p>\n","protected":false},"featured_media":321,"template":"","meta":[],"product_cat":[21],"product_tag":[],"class_list":{"0":"post-164","1":"product","2":"type-product","3":"status-publish","4":"has-post-thumbnail","6":"product_cat-fraises-rotatives","8":"first","9":"instock","10":"taxable","11":"shipping-taxable","12":"product-type-simple"},"yoast_head":"<!-- This site is optimized with the Yoast SEO plugin v23.5 - https:\/\/yoast.com\/wordpress\/plugins\/seo\/ -->\n<title>FRAISE ROTATIVE MOD\u00c8LE FS de 80 \u00e0 180 C.V. - Trituradoras | Rotocultivadores | Maquinaria agr\u00edcola<\/title>\n<meta name=\"robots\" content=\"index, follow, max-snippet:-1, max-image-preview:large, max-video-preview:-1\" \/>\n<link rel=\"canonical\" href=\"https:\/\/enguix.com\/fr\/produit\/fraise-rotative-modele-fs-de-80-a-180-c-v\/\" \/>\n<meta property=\"og:locale\" content=\"fr_FR\" \/>\n<meta property=\"og:type\" content=\"article\" \/>\n<meta property=\"og:title\" content=\"FRAISE ROTATIVE MOD\u00c8LE FS de 80 \u00e0 180 C.V. - Trituradoras | Rotocultivadores | Maquinaria agr\u00edcola\" \/>\n<meta property=\"og:description\" content=\"Ch\u00e2ssis et tourelle renforc\u00e9s pour l&#039;option avec syst\u00e8me hydraulique de herse \u00e0 disques ou rouleaux   Pointes renforc\u00e9es \u00e9tanches \u00e0 l&#039;huile en s\u00e9rie avec joints axiaux   Nombre de tours et caract\u00e9ristiques adapt\u00e9es \u00e0 chaque tracteur   Centr\u00e9 avec carter lat\u00e9ral et groupe en fonte nodulaire   Inclut une transmission renforc\u00e9e avec embrayage de s\u00e9curit\u00e9   Chargeur arri\u00e8re incurv\u00e9 pour un meilleur r\u00e9glage   6 couteaux par disque, boulons et goupilles   Transmission lat\u00e9rale par engrenages renforc\u00e9s   Tracteurs avec hauteur maximale de prise de force de 85 cm.   Avec groupe sup\u00e9rieur \u00e0 1 vitesse pour la prise de force haute   &nbsp;   T\u00e9l\u00e9charger     [vc_row type=&quot;in_container&quot; full_screen_row_position=&quot;middle&quot; column_margin=&quot;default&quot; column_direction=&quot;default&quot; column_direction_tablet=&quot;default&quot; column_direction_phone=&quot;default&quot; scene_position=&quot;center&quot; text_color=&quot;dark&quot; text_align=&quot;left&quot; row_border_radius=&quot;none&quot; row_border_radius_applies=&quot;bg&quot; overflow=&quot;visible&quot; overlay_strength=&quot;0.3&quot; gradient_direction=&quot;left_to_right&quot; shape_divider_position=&quot;bottom&quot; bg_image_animation=&quot;none&quot;][vc_column column_padding=&quot;no-extra-padding&quot; column_padding_tablet=&quot;inherit&quot; column_padding_phone=&quot;inherit&quot; column_padding_position=&quot;all&quot; column_element_direction_desktop=&quot;default&quot; column_element_spacing=&quot;default&quot; desktop_text_alignment=&quot;default&quot; tablet_text_alignment=&quot;default&quot; phone_text_alignment=&quot;default&quot; background_color_opacity=&quot;1&quot; background_hover_color_opacity=&quot;1&quot; column_backdrop_filter=&quot;none&quot; column_shadow=&quot;none&quot; column_border_radius=&quot;none&quot; column_link_target=&quot;_self&quot; column_position=&quot;default&quot; gradient_direction=&quot;left_to_right&quot; overlay_strength=&quot;0.3&quot; width=&quot;1\/1&quot; tablet_width_inherit=&quot;default&quot; animation_type=&quot;default&quot; bg_image_animation=&quot;none&quot; border_type=&quot;simple&quot; column_border_width=&quot;none&quot; column_border_style=&quot;solid&quot;][vc_column_text] [\/vc_column_text][nectar_btn size=&quot;large&quot; button_style=&quot;regular&quot; button_color_2=&quot;Accent-Color&quot; icon_family=&quot;iconsmind&quot; el_class=&quot;open-pop-fr&quot; text=&quot;Demander des informations&quot; url=&quot;#&quot; icon_iconsmind=&quot;iconsmind-Email&quot;][\/vc_column][\/vc_row]\" \/>\n<meta property=\"og:url\" content=\"https:\/\/enguix.com\/fr\/produit\/fraise-rotative-modele-fs-de-80-a-180-c-v\/\" \/>\n<meta property=\"og:site_name\" content=\"Trituradoras | Rotocultivadores | Maquinaria agr\u00edcola\" \/>\n<meta property=\"article:publisher\" content=\"https:\/\/www.facebook.com\/ENGUIXSL\" \/>\n<meta property=\"article:modified_time\" content=\"2024-12-01T07:09:04+00:00\" \/>\n<meta property=\"og:image\" content=\"https:\/\/enguix.com\/wp-content\/uploads\/2017\/01\/rotocultivador-fs-80-180-cv-01.jpg\" \/>\n\t<meta property=\"og:image:width\" content=\"720\" \/>\n\t<meta property=\"og:image:height\" content=\"720\" \/>\n\t<meta property=\"og:image:type\" content=\"image\/jpeg\" \/>\n<meta name=\"twitter:card\" content=\"summary_large_image\" \/>\n<meta name=\"twitter:label1\" content=\"Dur\u00e9e de lecture estim\u00e9e\" \/>\n\t<meta name=\"twitter:data1\" content=\"1 minute\" \/>\n<script type=\"application\/ld+json\" class=\"yoast-schema-graph\">{\"@context\":\"https:\/\/schema.org\",\"@graph\":[{\"@type\":\"WebPage\",\"@id\":\"https:\/\/enguix.com\/fr\/produit\/fraise-rotative-modele-fs-de-80-a-180-c-v\/\",\"url\":\"https:\/\/enguix.com\/fr\/produit\/fraise-rotative-modele-fs-de-80-a-180-c-v\/\",\"name\":\"FRAISE ROTATIVE MOD\u00c8LE FS de 80 \u00e0 180 C.V. - Trituradoras | Rotocultivadores | Maquinaria agr\u00edcola\",\"isPartOf\":{\"@id\":\"https:\/\/enguix.com\/fr\/#website\"},\"primaryImageOfPage\":{\"@id\":\"https:\/\/enguix.com\/fr\/produit\/fraise-rotative-modele-fs-de-80-a-180-c-v\/#primaryimage\"},\"image\":{\"@id\":\"https:\/\/enguix.com\/fr\/produit\/fraise-rotative-modele-fs-de-80-a-180-c-v\/#primaryimage\"},\"thumbnailUrl\":\"https:\/\/enguix.com\/wp-content\/uploads\/2017\/01\/rotocultivador-fs-80-180-cv-01.jpg\",\"datePublished\":\"2017-01-23T11:40:50+00:00\",\"dateModified\":\"2024-12-01T07:09:04+00:00\",\"breadcrumb\":{\"@id\":\"https:\/\/enguix.com\/fr\/produit\/fraise-rotative-modele-fs-de-80-a-180-c-v\/#breadcrumb\"},\"inLanguage\":\"fr-FR\",\"potentialAction\":[{\"@type\":\"ReadAction\",\"target\":[\"https:\/\/enguix.com\/fr\/produit\/fraise-rotative-modele-fs-de-80-a-180-c-v\/\"]}]},{\"@type\":\"ImageObject\",\"inLanguage\":\"fr-FR\",\"@id\":\"https:\/\/enguix.com\/fr\/produit\/fraise-rotative-modele-fs-de-80-a-180-c-v\/#primaryimage\",\"url\":\"https:\/\/enguix.com\/wp-content\/uploads\/2017\/01\/rotocultivador-fs-80-180-cv-01.jpg\",\"contentUrl\":\"https:\/\/enguix.com\/wp-content\/uploads\/2017\/01\/rotocultivador-fs-80-180-cv-01.jpg\",\"width\":720,\"height\":720,\"caption\":\"Rotocultivador FS\"},{\"@type\":\"BreadcrumbList\",\"@id\":\"https:\/\/enguix.com\/fr\/produit\/fraise-rotative-modele-fs-de-80-a-180-c-v\/#breadcrumb\",\"itemListElement\":[{\"@type\":\"ListItem\",\"position\":1,\"name\":\"Produits\",\"item\":\"https:\/\/enguix.com\/fr\/produits\/\"},{\"@type\":\"ListItem\",\"position\":2,\"name\":\"FRAISE ROTATIVE MOD\u00c8LE FS de 80 \u00e0 180 C.V.\"}]},{\"@type\":\"WebSite\",\"@id\":\"https:\/\/enguix.com\/fr\/#website\",\"url\":\"https:\/\/enguix.com\/fr\/\",\"name\":\"Trituradoras | Rotocultivadores | Maquinaria agr\u00edcola\",\"description\":\"Trituradoras. Rotocultivadores. Desbrozadoras y maquinaria agr\u00edcola\",\"potentialAction\":[{\"@type\":\"SearchAction\",\"target\":{\"@type\":\"EntryPoint\",\"urlTemplate\":\"https:\/\/enguix.com\/fr\/?s={search_term_string}\"},\"query-input\":{\"@type\":\"PropertyValueSpecification\",\"valueRequired\":true,\"valueName\":\"search_term_string\"}}],\"inLanguage\":\"fr-FR\"}]}<\/script>\n<!-- \/ Yoast SEO plugin. -->","yoast_head_json":{"title":"FRAISE ROTATIVE MOD\u00c8LE FS de 80 \u00e0 180 C.V. - Trituradoras | Rotocultivadores | Maquinaria agr\u00edcola","robots":{"index":"index","follow":"follow","max-snippet":"max-snippet:-1","max-image-preview":"max-image-preview:large","max-video-preview":"max-video-preview:-1"},"canonical":"https:\/\/enguix.com\/fr\/produit\/fraise-rotative-modele-fs-de-80-a-180-c-v\/","og_locale":"fr_FR","og_type":"article","og_title":"FRAISE ROTATIVE MOD\u00c8LE FS de 80 \u00e0 180 C.V. - Trituradoras | Rotocultivadores | Maquinaria agr\u00edcola","og_description":"Ch\u00e2ssis et tourelle renforc\u00e9s pour l'option avec syst\u00e8me hydraulique de herse \u00e0 disques ou rouleaux   Pointes renforc\u00e9es \u00e9tanches \u00e0 l'huile en s\u00e9rie avec joints axiaux   Nombre de tours et caract\u00e9ristiques adapt\u00e9es \u00e0 chaque tracteur   Centr\u00e9 avec carter lat\u00e9ral et groupe en fonte nodulaire   Inclut une transmission renforc\u00e9e avec embrayage de s\u00e9curit\u00e9   Chargeur arri\u00e8re incurv\u00e9 pour un meilleur r\u00e9glage   6 couteaux par disque, boulons et goupilles   Transmission lat\u00e9rale par engrenages renforc\u00e9s   Tracteurs avec hauteur maximale de prise de force de 85 cm.   Avec groupe sup\u00e9rieur \u00e0 1 vitesse pour la prise de force haute   &nbsp;   T\u00e9l\u00e9charger     [vc_row type=\"in_container\" full_screen_row_position=\"middle\" column_margin=\"default\" column_direction=\"default\" column_direction_tablet=\"default\" column_direction_phone=\"default\" scene_position=\"center\" text_color=\"dark\" text_align=\"left\" row_border_radius=\"none\" row_border_radius_applies=\"bg\" overflow=\"visible\" overlay_strength=\"0.3\" gradient_direction=\"left_to_right\" shape_divider_position=\"bottom\" bg_image_animation=\"none\"][vc_column column_padding=\"no-extra-padding\" column_padding_tablet=\"inherit\" column_padding_phone=\"inherit\" column_padding_position=\"all\" column_element_direction_desktop=\"default\" column_element_spacing=\"default\" desktop_text_alignment=\"default\" tablet_text_alignment=\"default\" phone_text_alignment=\"default\" background_color_opacity=\"1\" background_hover_color_opacity=\"1\" column_backdrop_filter=\"none\" column_shadow=\"none\" column_border_radius=\"none\" column_link_target=\"_self\" column_position=\"default\" gradient_direction=\"left_to_right\" overlay_strength=\"0.3\" width=\"1\/1\" tablet_width_inherit=\"default\" animation_type=\"default\" bg_image_animation=\"none\" border_type=\"simple\" column_border_width=\"none\" column_border_style=\"solid\"][vc_column_text] [\/vc_column_text][nectar_btn size=\"large\" button_style=\"regular\" button_color_2=\"Accent-Color\" icon_family=\"iconsmind\" el_class=\"open-pop-fr\" text=\"Demander des informations\" url=\"#\" icon_iconsmind=\"iconsmind-Email\"][\/vc_column][\/vc_row]","og_url":"https:\/\/enguix.com\/fr\/produit\/fraise-rotative-modele-fs-de-80-a-180-c-v\/","og_site_name":"Trituradoras | Rotocultivadores | Maquinaria agr\u00edcola","article_publisher":"https:\/\/www.facebook.com\/ENGUIXSL","article_modified_time":"2024-12-01T07:09:04+00:00","og_image":[{"width":720,"height":720,"url":"https:\/\/enguix.com\/wp-content\/uploads\/2017\/01\/rotocultivador-fs-80-180-cv-01.jpg","type":"image\/jpeg"}],"twitter_card":"summary_large_image","twitter_misc":{"Dur\u00e9e de lecture estim\u00e9e":"1 minute"},"schema":{"@context":"https:\/\/schema.org","@graph":[{"@type":"WebPage","@id":"https:\/\/enguix.com\/fr\/produit\/fraise-rotative-modele-fs-de-80-a-180-c-v\/","url":"https:\/\/enguix.com\/fr\/produit\/fraise-rotative-modele-fs-de-80-a-180-c-v\/","name":"FRAISE ROTATIVE MOD\u00c8LE FS de 80 \u00e0 180 C.V. - Trituradoras | Rotocultivadores | Maquinaria agr\u00edcola","isPartOf":{"@id":"https:\/\/enguix.com\/fr\/#website"},"primaryImageOfPage":{"@id":"https:\/\/enguix.com\/fr\/produit\/fraise-rotative-modele-fs-de-80-a-180-c-v\/#primaryimage"},"image":{"@id":"https:\/\/enguix.com\/fr\/produit\/fraise-rotative-modele-fs-de-80-a-180-c-v\/#primaryimage"},"thumbnailUrl":"https:\/\/enguix.com\/wp-content\/uploads\/2017\/01\/rotocultivador-fs-80-180-cv-01.jpg","datePublished":"2017-01-23T11:40:50+00:00","dateModified":"2024-12-01T07:09:04+00:00","breadcrumb":{"@id":"https:\/\/enguix.com\/fr\/produit\/fraise-rotative-modele-fs-de-80-a-180-c-v\/#breadcrumb"},"inLanguage":"fr-FR","potentialAction":[{"@type":"ReadAction","target":["https:\/\/enguix.com\/fr\/produit\/fraise-rotative-modele-fs-de-80-a-180-c-v\/"]}]},{"@type":"ImageObject","inLanguage":"fr-FR","@id":"https:\/\/enguix.com\/fr\/produit\/fraise-rotative-modele-fs-de-80-a-180-c-v\/#primaryimage","url":"https:\/\/enguix.com\/wp-content\/uploads\/2017\/01\/rotocultivador-fs-80-180-cv-01.jpg","contentUrl":"https:\/\/enguix.com\/wp-content\/uploads\/2017\/01\/rotocultivador-fs-80-180-cv-01.jpg","width":720,"height":720,"caption":"Rotocultivador FS"},{"@type":"BreadcrumbList","@id":"https:\/\/enguix.com\/fr\/produit\/fraise-rotative-modele-fs-de-80-a-180-c-v\/#breadcrumb","itemListElement":[{"@type":"ListItem","position":1,"name":"Produits","item":"https:\/\/enguix.com\/fr\/produits\/"},{"@type":"ListItem","position":2,"name":"FRAISE ROTATIVE MOD\u00c8LE FS de 80 \u00e0 180 C.V."}]},{"@type":"WebSite","@id":"https:\/\/enguix.com\/fr\/#website","url":"https:\/\/enguix.com\/fr\/","name":"Trituradoras | Rotocultivadores | Maquinaria agr\u00edcola","description":"Trituradoras. Rotocultivadores. Desbrozadoras y maquinaria agr\u00edcola","potentialAction":[{"@type":"SearchAction","target":{"@type":"EntryPoint","urlTemplate":"https:\/\/enguix.com\/fr\/?s={search_term_string}"},"query-input":{"@type":"PropertyValueSpecification","valueRequired":true,"valueName":"search_term_string"}}],"inLanguage":"fr-FR"}]}},"_links":{"self":[{"href":"https:\/\/enguix.com\/fr\/wp-json\/wp\/v2\/product\/164"}],"collection":[{"href":"https:\/\/enguix.com\/fr\/wp-json\/wp\/v2\/product"}],"about":[{"href":"https:\/\/enguix.com\/fr\/wp-json\/wp\/v2\/types\/product"}],"wp:featuredmedia":[{"embeddable":true,"href":"https:\/\/enguix.com\/fr\/wp-json\/wp\/v2\/media\/321"}],"wp:attachment":[{"href":"https:\/\/enguix.com\/fr\/wp-json\/wp\/v2\/media?parent=164"}],"wp:term":[{"taxonomy":"product_cat","embeddable":true,"href":"https:\/\/enguix.com\/fr\/wp-json\/wp\/v2\/product_cat?post=164"},{"taxonomy":"product_tag","embeddable":true,"href":"https:\/\/enguix.com\/fr\/wp-json\/wp\/v2\/product_tag?post=164"}],"curies":[{"name":"wp","href":"https:\/\/api.w.org\/{rel}","templated":true}]}}