{"id":147,"date":"2017-01-23T09:01:26","date_gmt":"2017-01-23T09:01:26","guid":{"rendered":"https:\/\/enguix.com\/product\/broyeur-de-restes-delagage-trr-de-40-a-120-c-v\/"},"modified":"2024-12-01T08:04:56","modified_gmt":"2024-12-01T07:04:56","slug":"broyeur-de-restes-delagage-trr-de-40-a-120-c-v","status":"publish","type":"product","link":"https:\/\/enguix.com\/fr\/produit\/broyeur-de-restes-delagage-trr-de-40-a-120-c-v\/","title":{"rendered":"BROYEUR DE RESTES D&rsquo;\u00c9LAGAGE TRR de 40 \u00e0 120 C.V."},"content":{"rendered":"<p><iframe loading=\"lazy\" width=\"560\" height=\"315\" src=\"https:\/\/youtu.be\/3JZsGTKT0qc\" frameborder=\"0\" allowfullscreen><\/iframe><\/p>\n<table>\n<tbody>\n<tr>\n<th>MOD\u00c8LE <\/th>\n<th>NOMBRE DE COUTEAUX\/MARTEAUX<\/th>\n<th>LARGEUR DE COUPE <\/th>\n<th>LARGEUR TOTALE <\/th>\n<th>PUISSANCE MAXIMALE<\/th>\n<th>POIDS<\/th>\n<\/tr>\n<tr>\n<td><strong>TRR-125<\/strong><\/td>\n<td>24\/12<\/td>\n<td>1,250<\/td>\n<td>1,410<\/td>\n<td>40 a 120<\/td>\n<td>600<\/td>\n<\/tr>\n<tr>\n<td><strong>TRR-150<\/strong><\/td>\n<td>32\/16<\/td>\n<td>1,500<\/td>\n<td>1,660<\/td>\n<td>60 a 120<\/td>\n<td>650<\/td>\n<\/tr>\n<tr>\n<td><strong>TRR-175<\/strong><\/td>\n<td>40\/20<\/td>\n<td>1,750<\/td>\n<td>1,910<\/td>\n<td>65 a 120<\/td>\n<td>700<\/td>\n<\/tr>\n<tr>\n<td><strong>TRR-200<\/strong><\/td>\n<td>48\/24<\/td>\n<td>2,000<\/td>\n<td>2,160<\/td>\n<td>80 a 120<\/td>\n<td>750<\/td>\n<\/tr>\n<tr>\n<td><strong>TRR-230<\/strong><\/td>\n<td>56\/28<\/td>\n<td>2,300<\/td>\n<td>2,460<\/td>\n<td>90 a 120<\/td>\n<td>800<\/td>\n<\/tr>\n<tr>\n<td><strong>TRR-250<\/strong><\/td>\n<td>56\/28<\/td>\n<td>2,500<\/td>\n<td>2,660<\/td>\n<td>100 a 120<\/td>\n<td>850<\/td>\n<\/tr>\n<tr>\n<td><strong>TRR-280<\/strong><\/td>\n<td>64\/32<\/td>\n<td>2,800<\/td>\n<td>2,960<\/td>\n<td>100 a 120<\/td>\n<td>900<\/td>\n<\/tr>\n<\/tbody>\n<\/table>\n<table height=\"215\">\n<tbody>\n<tr>\n<th width=\"16%\">CODE<\/th>\n<th width=\"84%\">DESCRIPTION<\/th>\n<\/tr>\n<tr>\n<td><strong>01108<\/strong><\/td>\n<td>R\u00c9F. DE CYLINDRE AVEC FLEXIBLES ET SOUPAPE <\/td>\n<\/tr>\n<tr>\n<td><strong>01120<\/strong><\/td>\n<td>R\u00c9F. CYLINDRE LONG AVEC FLEXIBLE ET SOUPAPE <\/td>\n<\/tr>\n<tr>\n<td><strong>01075<\/strong><\/td>\n<td>ROUES ARRI\u00c8RE HYDRAULIQUES (SANS ROULEMENT) <\/td>\n<\/tr>\n<tr>\n<td><strong>01074<\/strong><\/td>\n<td>ROUES ARRI\u00c8RE M\u00c9CANIQUES (SANS ROULEMENT) <\/td>\n<\/tr>\n<tr>\n<td><strong>01072<\/strong><\/td>\n<td>TRANSMISSION \u00c0 ROUE LIBRE <\/td>\n<\/tr>\n<tr>\n<td><strong>Z1238<\/strong><\/td>\n<td>CHA\u00ceNE SUR LE TROISI\u00c8ME POINT <\/td>\n<\/tr>\n<tr>\n<td><strong>20086<\/strong><\/td>\n<td>GRILLES ARRI\u00c8RE <\/td>\n<\/tr>\n<\/tbody>\n<\/table>\n","protected":false},"excerpt":{"rendered":"<ul>\n<li>Capot et c\u00f4t\u00e9s de 10 mm d&rsquo;\u00e9paisseur avec renforts de structure<\/li>\n<li>Mod\u00e8le professionnel \u00e0 haut rendement<\/li>\n<li>Avec couteaux de 10 mm ou marteaux \u00e9changeables<\/li>\n<li>\u00c9quip\u00e9 de lames d&rsquo;\u00e9miettement et de contre-lames<\/li>\n<li>Paliers de roulement de rotor en fonte<\/li>\n<li>Diam\u00e8tre du rotor : 480 mm. Diam\u00e8tre du rouleau arri\u00e8re : 220 mm.<\/li>\n<li>Roulements \u00e0 rotule \u00e0 double rang\u00e9e de barillets<\/li>\n<li>Inclut une transmission normale, avec boulons et goupilles<\/li>\n<li>Capacit\u00e9 de broyage de restes d&rsquo;\u00e9lagage et d&rsquo;herbe jusqu&rsquo;\u00e0 12 \u00e0 14 cm de diam\u00e8tre<\/li>\n<\/ul>\n<p>&nbsp;<\/p>\n<div id=\"enquiry\">\n<a href=\"https:\/\/enguix.com\/pdf\/fr\/02-CT-BROYEUR-TRR.pdf\" class=\"lol-button\" target=\"_blank\" rel=\"noopener\">T\u00e9l\u00e9charger<\/a>\n     <\/div>\n<p>[vc_row type=\u00a0\u00bbin_container\u00a0\u00bb full_screen_row_position=\u00a0\u00bbmiddle\u00a0\u00bb column_margin=\u00a0\u00bbdefault\u00a0\u00bb column_direction=\u00a0\u00bbdefault\u00a0\u00bb column_direction_tablet=\u00a0\u00bbdefault\u00a0\u00bb column_direction_phone=\u00a0\u00bbdefault\u00a0\u00bb scene_position=\u00a0\u00bbcenter\u00a0\u00bb text_color=\u00a0\u00bbdark\u00a0\u00bb text_align=\u00a0\u00bbleft\u00a0\u00bb row_border_radius=\u00a0\u00bbnone\u00a0\u00bb row_border_radius_applies=\u00a0\u00bbbg\u00a0\u00bb overflow=\u00a0\u00bbvisible\u00a0\u00bb overlay_strength=\u00a0\u00bb0.3&Prime; gradient_direction=\u00a0\u00bbleft_to_right\u00a0\u00bb shape_divider_position=\u00a0\u00bbbottom\u00a0\u00bb bg_image_animation=\u00a0\u00bbnone\u00a0\u00bb][vc_column column_padding=\u00a0\u00bbno-extra-padding\u00a0\u00bb column_padding_tablet=\u00a0\u00bbinherit\u00a0\u00bb column_padding_phone=\u00a0\u00bbinherit\u00a0\u00bb column_padding_position=\u00a0\u00bball\u00a0\u00bb column_element_direction_desktop=\u00a0\u00bbdefault\u00a0\u00bb column_element_spacing=\u00a0\u00bbdefault\u00a0\u00bb desktop_text_alignment=\u00a0\u00bbdefault\u00a0\u00bb tablet_text_alignment=\u00a0\u00bbdefault\u00a0\u00bb phone_text_alignment=\u00a0\u00bbdefault\u00a0\u00bb background_color_opacity=\u00a0\u00bb1&Prime; background_hover_color_opacity=\u00a0\u00bb1&Prime; column_backdrop_filter=\u00a0\u00bbnone\u00a0\u00bb column_shadow=\u00a0\u00bbnone\u00a0\u00bb column_border_radius=\u00a0\u00bbnone\u00a0\u00bb column_link_target=\u00a0\u00bb_self\u00a0\u00bb column_position=\u00a0\u00bbdefault\u00a0\u00bb gradient_direction=\u00a0\u00bbleft_to_right\u00a0\u00bb overlay_strength=\u00a0\u00bb0.3&Prime; width=\u00a0\u00bb1\/1&Prime; tablet_width_inherit=\u00a0\u00bbdefault\u00a0\u00bb animation_type=\u00a0\u00bbdefault\u00a0\u00bb bg_image_animation=\u00a0\u00bbnone\u00a0\u00bb border_type=\u00a0\u00bbsimple\u00a0\u00bb column_border_width=\u00a0\u00bbnone\u00a0\u00bb column_border_style=\u00a0\u00bbsolid\u00a0\u00bb][vc_column_text]<\/p>\n<p>[\/vc_column_text][nectar_btn size=\u00a0\u00bblarge\u00a0\u00bb button_style=\u00a0\u00bbregular\u00a0\u00bb button_color_2=\u00a0\u00bbAccent-Color\u00a0\u00bb icon_family=\u00a0\u00bbiconsmind\u00a0\u00bb el_class=\u00a0\u00bbopen-pop-fr\u00a0\u00bb text=\u00a0\u00bbDemander des informations\u00a0\u00bb url=\u00a0\u00bb#\u00a0\u00bb icon_iconsmind=\u00a0\u00bbiconsmind-Email\u00a0\u00bb][\/vc_column][\/vc_row]<\/p>\n","protected":false},"featured_media":187,"template":"","meta":[],"product_cat":[20],"product_tag":[],"class_list":{"0":"post-147","1":"product","2":"type-product","3":"status-publish","4":"has-post-thumbnail","6":"product_cat-broyeurs","8":"first","9":"instock","10":"taxable","11":"shipping-taxable","12":"product-type-simple"},"yoast_head":"<!-- This site is optimized with the Yoast SEO plugin v23.5 - https:\/\/yoast.com\/wordpress\/plugins\/seo\/ -->\n<title>BROYEUR DE RESTES D&#039;\u00c9LAGAGE TRR de 40 \u00e0 120 C.V. - Trituradoras | Rotocultivadores | Maquinaria agr\u00edcola<\/title>\n<meta name=\"robots\" content=\"index, follow, max-snippet:-1, max-image-preview:large, max-video-preview:-1\" \/>\n<link rel=\"canonical\" href=\"https:\/\/enguix.com\/fr\/produit\/broyeur-de-restes-delagage-trr-de-40-a-120-c-v\/\" \/>\n<meta property=\"og:locale\" content=\"fr_FR\" \/>\n<meta property=\"og:type\" content=\"article\" \/>\n<meta property=\"og:title\" content=\"BROYEUR DE RESTES D&#039;\u00c9LAGAGE TRR de 40 \u00e0 120 C.V. - Trituradoras | Rotocultivadores | Maquinaria agr\u00edcola\" \/>\n<meta property=\"og:description\" content=\"Capot et c\u00f4t\u00e9s de 10 mm d&#039;\u00e9paisseur avec renforts de structure   Mod\u00e8le professionnel \u00e0 haut rendement   Avec couteaux de 10 mm ou marteaux \u00e9changeables   \u00c9quip\u00e9 de lames d&#039;\u00e9miettement et de contre-lames   Paliers de roulement de rotor en fonte   Diam\u00e8tre du rotor : 480 mm. Diam\u00e8tre du rouleau arri\u00e8re : 220 mm.   Roulements \u00e0 rotule \u00e0 double rang\u00e9e de barillets   Inclut une transmission normale, avec boulons et goupilles   Capacit\u00e9 de broyage de restes d&#039;\u00e9lagage et d&#039;herbe jusqu&#039;\u00e0 12 \u00e0 14 cm de diam\u00e8tre   &nbsp;   T\u00e9l\u00e9charger     [vc_row type=&quot;in_container&quot; full_screen_row_position=&quot;middle&quot; column_margin=&quot;default&quot; column_direction=&quot;default&quot; column_direction_tablet=&quot;default&quot; column_direction_phone=&quot;default&quot; scene_position=&quot;center&quot; text_color=&quot;dark&quot; text_align=&quot;left&quot; row_border_radius=&quot;none&quot; row_border_radius_applies=&quot;bg&quot; overflow=&quot;visible&quot; overlay_strength=&quot;0.3&quot; gradient_direction=&quot;left_to_right&quot; shape_divider_position=&quot;bottom&quot; bg_image_animation=&quot;none&quot;][vc_column column_padding=&quot;no-extra-padding&quot; column_padding_tablet=&quot;inherit&quot; column_padding_phone=&quot;inherit&quot; column_padding_position=&quot;all&quot; column_element_direction_desktop=&quot;default&quot; column_element_spacing=&quot;default&quot; desktop_text_alignment=&quot;default&quot; tablet_text_alignment=&quot;default&quot; phone_text_alignment=&quot;default&quot; background_color_opacity=&quot;1&quot; background_hover_color_opacity=&quot;1&quot; column_backdrop_filter=&quot;none&quot; column_shadow=&quot;none&quot; column_border_radius=&quot;none&quot; column_link_target=&quot;_self&quot; column_position=&quot;default&quot; gradient_direction=&quot;left_to_right&quot; overlay_strength=&quot;0.3&quot; width=&quot;1\/1&quot; tablet_width_inherit=&quot;default&quot; animation_type=&quot;default&quot; bg_image_animation=&quot;none&quot; border_type=&quot;simple&quot; column_border_width=&quot;none&quot; column_border_style=&quot;solid&quot;][vc_column_text] [\/vc_column_text][nectar_btn size=&quot;large&quot; button_style=&quot;regular&quot; button_color_2=&quot;Accent-Color&quot; icon_family=&quot;iconsmind&quot; el_class=&quot;open-pop-fr&quot; text=&quot;Demander des informations&quot; url=&quot;#&quot; icon_iconsmind=&quot;iconsmind-Email&quot;][\/vc_column][\/vc_row]\" \/>\n<meta property=\"og:url\" content=\"https:\/\/enguix.com\/fr\/produit\/broyeur-de-restes-delagage-trr-de-40-a-120-c-v\/\" \/>\n<meta property=\"og:site_name\" content=\"Trituradoras | Rotocultivadores | Maquinaria agr\u00edcola\" \/>\n<meta property=\"article:publisher\" content=\"https:\/\/www.facebook.com\/ENGUIXSL\" \/>\n<meta property=\"article:modified_time\" content=\"2024-12-01T07:04:56+00:00\" \/>\n<meta property=\"og:image\" content=\"https:\/\/enguix.com\/wp-content\/uploads\/2017\/01\/trituradora-de-poda-trr-40-120-cv-01-1.jpg\" \/>\n\t<meta property=\"og:image:width\" content=\"720\" \/>\n\t<meta property=\"og:image:height\" content=\"720\" \/>\n\t<meta property=\"og:image:type\" content=\"image\/jpeg\" \/>\n<meta name=\"twitter:card\" content=\"summary_large_image\" \/>\n<meta name=\"twitter:label1\" content=\"Dur\u00e9e de lecture estim\u00e9e\" \/>\n\t<meta name=\"twitter:data1\" content=\"1 minute\" \/>\n<script type=\"application\/ld+json\" class=\"yoast-schema-graph\">{\"@context\":\"https:\/\/schema.org\",\"@graph\":[{\"@type\":\"WebPage\",\"@id\":\"https:\/\/enguix.com\/fr\/produit\/broyeur-de-restes-delagage-trr-de-40-a-120-c-v\/\",\"url\":\"https:\/\/enguix.com\/fr\/produit\/broyeur-de-restes-delagage-trr-de-40-a-120-c-v\/\",\"name\":\"BROYEUR DE RESTES D'\u00c9LAGAGE TRR de 40 \u00e0 120 C.V. - Trituradoras | Rotocultivadores | Maquinaria agr\u00edcola\",\"isPartOf\":{\"@id\":\"https:\/\/enguix.com\/fr\/#website\"},\"primaryImageOfPage\":{\"@id\":\"https:\/\/enguix.com\/fr\/produit\/broyeur-de-restes-delagage-trr-de-40-a-120-c-v\/#primaryimage\"},\"image\":{\"@id\":\"https:\/\/enguix.com\/fr\/produit\/broyeur-de-restes-delagage-trr-de-40-a-120-c-v\/#primaryimage\"},\"thumbnailUrl\":\"https:\/\/enguix.com\/wp-content\/uploads\/2017\/01\/trituradora-de-poda-trr-40-120-cv-01-1.jpg\",\"datePublished\":\"2017-01-23T09:01:26+00:00\",\"dateModified\":\"2024-12-01T07:04:56+00:00\",\"breadcrumb\":{\"@id\":\"https:\/\/enguix.com\/fr\/produit\/broyeur-de-restes-delagage-trr-de-40-a-120-c-v\/#breadcrumb\"},\"inLanguage\":\"fr-FR\",\"potentialAction\":[{\"@type\":\"ReadAction\",\"target\":[\"https:\/\/enguix.com\/fr\/produit\/broyeur-de-restes-delagage-trr-de-40-a-120-c-v\/\"]}]},{\"@type\":\"ImageObject\",\"inLanguage\":\"fr-FR\",\"@id\":\"https:\/\/enguix.com\/fr\/produit\/broyeur-de-restes-delagage-trr-de-40-a-120-c-v\/#primaryimage\",\"url\":\"https:\/\/enguix.com\/wp-content\/uploads\/2017\/01\/trituradora-de-poda-trr-40-120-cv-01-1.jpg\",\"contentUrl\":\"https:\/\/enguix.com\/wp-content\/uploads\/2017\/01\/trituradora-de-poda-trr-40-120-cv-01-1.jpg\",\"width\":720,\"height\":720,\"caption\":\"trituradora de poda\"},{\"@type\":\"BreadcrumbList\",\"@id\":\"https:\/\/enguix.com\/fr\/produit\/broyeur-de-restes-delagage-trr-de-40-a-120-c-v\/#breadcrumb\",\"itemListElement\":[{\"@type\":\"ListItem\",\"position\":1,\"name\":\"Produits\",\"item\":\"https:\/\/enguix.com\/fr\/produits\/\"},{\"@type\":\"ListItem\",\"position\":2,\"name\":\"BROYEUR DE RESTES D&#8217;\u00c9LAGAGE TRR de 40 \u00e0 120 C.V.\"}]},{\"@type\":\"WebSite\",\"@id\":\"https:\/\/enguix.com\/fr\/#website\",\"url\":\"https:\/\/enguix.com\/fr\/\",\"name\":\"Trituradoras | Rotocultivadores | Maquinaria agr\u00edcola\",\"description\":\"Trituradoras. Rotocultivadores. Desbrozadoras y maquinaria agr\u00edcola\",\"potentialAction\":[{\"@type\":\"SearchAction\",\"target\":{\"@type\":\"EntryPoint\",\"urlTemplate\":\"https:\/\/enguix.com\/fr\/?s={search_term_string}\"},\"query-input\":{\"@type\":\"PropertyValueSpecification\",\"valueRequired\":true,\"valueName\":\"search_term_string\"}}],\"inLanguage\":\"fr-FR\"}]}<\/script>\n<!-- \/ Yoast SEO plugin. -->","yoast_head_json":{"title":"BROYEUR DE RESTES D'\u00c9LAGAGE TRR de 40 \u00e0 120 C.V. - Trituradoras | Rotocultivadores | Maquinaria agr\u00edcola","robots":{"index":"index","follow":"follow","max-snippet":"max-snippet:-1","max-image-preview":"max-image-preview:large","max-video-preview":"max-video-preview:-1"},"canonical":"https:\/\/enguix.com\/fr\/produit\/broyeur-de-restes-delagage-trr-de-40-a-120-c-v\/","og_locale":"fr_FR","og_type":"article","og_title":"BROYEUR DE RESTES D'\u00c9LAGAGE TRR de 40 \u00e0 120 C.V. - Trituradoras | Rotocultivadores | Maquinaria agr\u00edcola","og_description":"Capot et c\u00f4t\u00e9s de 10 mm d'\u00e9paisseur avec renforts de structure   Mod\u00e8le professionnel \u00e0 haut rendement   Avec couteaux de 10 mm ou marteaux \u00e9changeables   \u00c9quip\u00e9 de lames d'\u00e9miettement et de contre-lames   Paliers de roulement de rotor en fonte   Diam\u00e8tre du rotor : 480 mm. Diam\u00e8tre du rouleau arri\u00e8re : 220 mm.   Roulements \u00e0 rotule \u00e0 double rang\u00e9e de barillets   Inclut une transmission normale, avec boulons et goupilles   Capacit\u00e9 de broyage de restes d'\u00e9lagage et d'herbe jusqu'\u00e0 12 \u00e0 14 cm de diam\u00e8tre   &nbsp;   T\u00e9l\u00e9charger     [vc_row type=\"in_container\" full_screen_row_position=\"middle\" column_margin=\"default\" column_direction=\"default\" column_direction_tablet=\"default\" column_direction_phone=\"default\" scene_position=\"center\" text_color=\"dark\" text_align=\"left\" row_border_radius=\"none\" row_border_radius_applies=\"bg\" overflow=\"visible\" overlay_strength=\"0.3\" gradient_direction=\"left_to_right\" shape_divider_position=\"bottom\" bg_image_animation=\"none\"][vc_column column_padding=\"no-extra-padding\" column_padding_tablet=\"inherit\" column_padding_phone=\"inherit\" column_padding_position=\"all\" column_element_direction_desktop=\"default\" column_element_spacing=\"default\" desktop_text_alignment=\"default\" tablet_text_alignment=\"default\" phone_text_alignment=\"default\" background_color_opacity=\"1\" background_hover_color_opacity=\"1\" column_backdrop_filter=\"none\" column_shadow=\"none\" column_border_radius=\"none\" column_link_target=\"_self\" column_position=\"default\" gradient_direction=\"left_to_right\" overlay_strength=\"0.3\" width=\"1\/1\" tablet_width_inherit=\"default\" animation_type=\"default\" bg_image_animation=\"none\" border_type=\"simple\" column_border_width=\"none\" column_border_style=\"solid\"][vc_column_text] [\/vc_column_text][nectar_btn size=\"large\" button_style=\"regular\" button_color_2=\"Accent-Color\" icon_family=\"iconsmind\" el_class=\"open-pop-fr\" text=\"Demander des informations\" url=\"#\" icon_iconsmind=\"iconsmind-Email\"][\/vc_column][\/vc_row]","og_url":"https:\/\/enguix.com\/fr\/produit\/broyeur-de-restes-delagage-trr-de-40-a-120-c-v\/","og_site_name":"Trituradoras | Rotocultivadores | Maquinaria agr\u00edcola","article_publisher":"https:\/\/www.facebook.com\/ENGUIXSL","article_modified_time":"2024-12-01T07:04:56+00:00","og_image":[{"width":720,"height":720,"url":"https:\/\/enguix.com\/wp-content\/uploads\/2017\/01\/trituradora-de-poda-trr-40-120-cv-01-1.jpg","type":"image\/jpeg"}],"twitter_card":"summary_large_image","twitter_misc":{"Dur\u00e9e de lecture estim\u00e9e":"1 minute"},"schema":{"@context":"https:\/\/schema.org","@graph":[{"@type":"WebPage","@id":"https:\/\/enguix.com\/fr\/produit\/broyeur-de-restes-delagage-trr-de-40-a-120-c-v\/","url":"https:\/\/enguix.com\/fr\/produit\/broyeur-de-restes-delagage-trr-de-40-a-120-c-v\/","name":"BROYEUR DE RESTES D'\u00c9LAGAGE TRR de 40 \u00e0 120 C.V. - Trituradoras | Rotocultivadores | Maquinaria agr\u00edcola","isPartOf":{"@id":"https:\/\/enguix.com\/fr\/#website"},"primaryImageOfPage":{"@id":"https:\/\/enguix.com\/fr\/produit\/broyeur-de-restes-delagage-trr-de-40-a-120-c-v\/#primaryimage"},"image":{"@id":"https:\/\/enguix.com\/fr\/produit\/broyeur-de-restes-delagage-trr-de-40-a-120-c-v\/#primaryimage"},"thumbnailUrl":"https:\/\/enguix.com\/wp-content\/uploads\/2017\/01\/trituradora-de-poda-trr-40-120-cv-01-1.jpg","datePublished":"2017-01-23T09:01:26+00:00","dateModified":"2024-12-01T07:04:56+00:00","breadcrumb":{"@id":"https:\/\/enguix.com\/fr\/produit\/broyeur-de-restes-delagage-trr-de-40-a-120-c-v\/#breadcrumb"},"inLanguage":"fr-FR","potentialAction":[{"@type":"ReadAction","target":["https:\/\/enguix.com\/fr\/produit\/broyeur-de-restes-delagage-trr-de-40-a-120-c-v\/"]}]},{"@type":"ImageObject","inLanguage":"fr-FR","@id":"https:\/\/enguix.com\/fr\/produit\/broyeur-de-restes-delagage-trr-de-40-a-120-c-v\/#primaryimage","url":"https:\/\/enguix.com\/wp-content\/uploads\/2017\/01\/trituradora-de-poda-trr-40-120-cv-01-1.jpg","contentUrl":"https:\/\/enguix.com\/wp-content\/uploads\/2017\/01\/trituradora-de-poda-trr-40-120-cv-01-1.jpg","width":720,"height":720,"caption":"trituradora de poda"},{"@type":"BreadcrumbList","@id":"https:\/\/enguix.com\/fr\/produit\/broyeur-de-restes-delagage-trr-de-40-a-120-c-v\/#breadcrumb","itemListElement":[{"@type":"ListItem","position":1,"name":"Produits","item":"https:\/\/enguix.com\/fr\/produits\/"},{"@type":"ListItem","position":2,"name":"BROYEUR DE RESTES D&#8217;\u00c9LAGAGE TRR de 40 \u00e0 120 C.V."}]},{"@type":"WebSite","@id":"https:\/\/enguix.com\/fr\/#website","url":"https:\/\/enguix.com\/fr\/","name":"Trituradoras | Rotocultivadores | Maquinaria agr\u00edcola","description":"Trituradoras. Rotocultivadores. Desbrozadoras y maquinaria agr\u00edcola","potentialAction":[{"@type":"SearchAction","target":{"@type":"EntryPoint","urlTemplate":"https:\/\/enguix.com\/fr\/?s={search_term_string}"},"query-input":{"@type":"PropertyValueSpecification","valueRequired":true,"valueName":"search_term_string"}}],"inLanguage":"fr-FR"}]}},"_links":{"self":[{"href":"https:\/\/enguix.com\/fr\/wp-json\/wp\/v2\/product\/147"}],"collection":[{"href":"https:\/\/enguix.com\/fr\/wp-json\/wp\/v2\/product"}],"about":[{"href":"https:\/\/enguix.com\/fr\/wp-json\/wp\/v2\/types\/product"}],"wp:featuredmedia":[{"embeddable":true,"href":"https:\/\/enguix.com\/fr\/wp-json\/wp\/v2\/media\/187"}],"wp:attachment":[{"href":"https:\/\/enguix.com\/fr\/wp-json\/wp\/v2\/media?parent=147"}],"wp:term":[{"taxonomy":"product_cat","embeddable":true,"href":"https:\/\/enguix.com\/fr\/wp-json\/wp\/v2\/product_cat?post=147"},{"taxonomy":"product_tag","embeddable":true,"href":"https:\/\/enguix.com\/fr\/wp-json\/wp\/v2\/product_tag?post=147"}],"curies":[{"name":"wp","href":"https:\/\/api.w.org\/{rel}","templated":true}]}}