{"id":2211,"date":"2019-04-01T11:19:44","date_gmt":"2019-04-01T10:19:44","guid":{"rendered":"https:\/\/enguix.com\/?page_id=2211"},"modified":"2019-04-01T11:19:44","modified_gmt":"2019-04-01T10:19:44","slug":"privacy-policy","status":"publish","type":"page","link":"https:\/\/enguix.com\/en\/privacy-policy\/","title":{"rendered":"Privacy policy"},"content":{"rendered":"<p><strong>TITULAR DEL SITIO WEB<\/strong><\/p>\n<p>DENOMINACI\u00d3N SOCIAL: ENGUIX S.L.<br \/>CIF: B46255931<br \/>DOMICILIO SOCIAL:AVENIDA ESPIOCA 122 BAJO, 46460, SILLA, VALENCIA<br \/>CONTACTO:\u00a0 Tel\u00e9fono: 961219230 &#8211; Email: administracion@enguix.com<\/p>\n<p>DATOS DE INSCRIPCI\u00d3N EN EL REGISTRO MERCANTIL:<br \/>Tomo: 1527 Libro: 950<br \/>Folio: 111 Secc.: 3\u00aa<br \/>Hoja: 9760<\/p>\n<h2><strong>POL\u00cdTICA DE PRIVACIDAD<\/strong><\/h2>\n<p>Siguiendo los principios de licitud, lealtad y transparencia, ponemos a su disposici\u00f3n la presente Pol\u00edtica de Privacidad.<\/p>\n<p><strong>\u00bfQui\u00e9n es el Responsable del tratamiento de sus datos?<\/strong><\/p>\n<p>ENGUIX S.L.<br \/>CIF: B46255931<br \/>DOMICILIO SOCIAL: AVENIDA ESPIOCA 122 BAJO, 46460, SILLA, VALENCIA<br \/>Email: administracion@enguix.com<br \/>Tel\u00e9fono: 961219230<\/p>\n<p><strong>\u00bfCon qu\u00e9 finalidad tratamos sus datos personales?<\/strong><\/p>\n<p>En ENGUIX S.L. tratamos la informaci\u00f3n que nos facilita con la finalidad de gestionar la relaci\u00f3n contractual que nos une, gestionar el env\u00edo de la informaci\u00f3n que nos solicita, facilitar a los interesados ofertas de nuestros servicios y\/o productos de su inter\u00e9s.<\/p>\n<p><strong>\u00bfPor cu\u00e1nto tiempo conservaremos sus datos personales?<\/strong><\/p>\n<p>Sus datos, ser\u00e1n conservados el tiempo m\u00ednimo necesario para la correcta prestaci\u00f3n del servicio ofrecido as\u00ed como para atender las responsabilidades que se pudieran derivar del mismo y de cualquier otra exigencia legal.<\/p>\n<p><strong>\u00bfCu\u00e1l es la legitimaci\u00f3n para el tratamiento de sus datos?<\/strong><\/p>\n<p>La base legal para el tratamiento de sus datos personales puede ser la ejecuci\u00f3n de una relaci\u00f3n contractual potencial y\/o suscrita, el inter\u00e9s leg\u00edtimo, la habilitaci\u00f3n legal y\/o el consentimiento del propio interesado. Los datos que le solicitamos son adecuados, pertinentes y estrictamente necesarios y en ning\u00fan caso est\u00e1 obligado a facilit\u00e1rnoslos, pero su no comunicaci\u00f3n podr\u00e1 afectar a la finalidad del servicio o la imposibilidad de prestarlo.<\/p>\n<p><strong>\u00bfA qu\u00e9 destinatarios se comunicar\u00e1n sus datos?<\/strong><\/p>\n<p>ENGUIX S.L. no comunicar\u00e1 sus datos a ning\u00fan tercero, salvo que se informe de ello expresamente.<\/p>\n<p><strong>\u00bfCu\u00e1les son sus derechos cuando nos facilita sus datos?<\/strong><\/p>\n<p>Los derechos de protecci\u00f3n de datos de los que son titulares los interesados son:<\/p>\n<ul>\n<li>Derecho a solicitar el acceso a los datos personales relativos al interesado<\/li>\n<li>Derecho de rectificaci\u00f3n o supresi\u00f3n<\/li>\n<li>Derecho de oposici\u00f3n<\/li>\n<li>Derecho a solicitar la limitaci\u00f3n de su tratamiento<\/li>\n<li>Derecho a la portabilidad de los datos<\/li>\n<\/ul>\n<p>Los titulares de los datos personales obtenidos, podr\u00e1n ejercer sus derechos de protecci\u00f3n de datos personales dirigiendo una comunicaci\u00f3n por escrito al domicilio social de ENGUIX S.L. o al correo electr\u00f3nico habilitado a tal efecto, <a href=\"mailto:email@email.com\">administracion@enguix.com<\/a>, incluyendo en ambos casos fotocopia de su DNI u otro documento de identificaci\u00f3n equivalente.<\/p>\n<p>Modelos, formularios y m\u00e1s informaci\u00f3n disponible sobre sus derechos en la p\u00e1gina web de la autoridad de control nacional, Agencia Espa\u00f1ola de Protecci\u00f3n de Datos, en adelante, AEPD, <a href=\"http:\/\/www.agpd.es\">www.aepd.es<\/a>\u00a0\u00a0\u00a0\u00a0<\/p>\n<p><strong>\u00bfPuedo retirar el consentimiento?<\/strong><\/p>\n<p>Usted tiene la posibilidad y el derecho a retirar el consentimiento para cualquiera finalidad espec\u00edfica otorgada en su momento, sin que ello afecte a la licitud del tratamiento basado en el consentimiento previo a su retirada.<\/p>\n<p><strong>\u00bfD\u00f3nde puedo reclamar en caso de que considere que no se tratan mis datos correctamente?<\/strong><\/p>\n<p>Si alg\u00fan interesado considera que sus datos no son tratados correctamente por ENGUIX S.L. puede dirigir sus reclamaciones al correo <a href=\"mailto:email@email.com\">administracion@enguix.com<\/a> o a la autoridad de protecci\u00f3n de datos que corresponda, siendo la AEPD la indicada en el territorio nacional, <a href=\"http:\/\/www.agpd.es\">www.aepd.es<\/a><\/p>\n<p><strong>Seguridad y actualizaci\u00f3n de sus datos personales<\/strong><\/p>\n<p>Con el objetivo de salvaguardar la seguridad de sus datos personales, le informamos que ENGUIX S.L. ha adoptado todas las medidas de \u00edndole t\u00e9cnica y organizativa necesarias para garantizar la seguridad de los datos personales suministrados. Todo ello para evitar su alteraci\u00f3n, p\u00e9rdida, y\/o tratamientos o accesos no autorizados, tal como exige la normativa, si bien la seguridad absoluta no existe.<\/p>\n<p>Es importante que, para que podamos mantener sus datos personales actualizados, nos informe siempre que se produzca una modificaci\u00f3n de los mismos.<\/p>\n<p><strong>Confidencialidad<\/strong><\/p>\n<p>ENGUIX S.L. le informa que sus datos ser\u00e1n tratados con el m\u00e1ximo celo y confidencialidad por todo el personal que intervenga en cualquiera de las fases del tratamiento. No cederemos ni comunicaremos a ning\u00fan tercero sus datos, excepto en los casos legalmente previstos, o salvo que el interesado nos hubiera autorizado expresamente.<\/p>\n","protected":false},"excerpt":{"rendered":"<p>TITULAR DEL SITIO WEB DENOMINACI\u00d3N SOCIAL: ENGUIX S.L.CIF: B46255931DOMICILIO SOCIAL:AVENIDA ESPIOCA 122 BAJO, 46460, SILLA, VALENCIACONTACTO:\u00a0 Tel\u00e9fono: 961219230 &#8211; Email: administracion@enguix.com DATOS DE INSCRIPCI\u00d3N EN EL REGISTRO MERCANTIL:Tomo: 1527 Libro:&#8230;<\/p>\n","protected":false},"author":3,"featured_media":0,"parent":0,"menu_order":0,"comment_status":"closed","ping_status":"closed","template":"","meta":{"footnotes":""},"class_list":["post-2211","page","type-page","status-publish"],"yoast_head":"<!-- This site is optimized with the Yoast SEO plugin v23.5 - https:\/\/yoast.com\/wordpress\/plugins\/seo\/ -->\n<title>Privacy policy - Trituradoras | Rotocultivadores | Maquinaria agr\u00edcola<\/title>\n<meta name=\"robots\" content=\"index, follow, max-snippet:-1, max-image-preview:large, max-video-preview:-1\" \/>\n<link rel=\"canonical\" href=\"https:\/\/enguix.com\/en\/privacy-policy\/\" \/>\n<meta property=\"og:locale\" content=\"en_US\" \/>\n<meta property=\"og:type\" content=\"article\" \/>\n<meta property=\"og:title\" content=\"Privacy policy - Trituradoras | Rotocultivadores | Maquinaria agr\u00edcola\" \/>\n<meta property=\"og:description\" content=\"TITULAR DEL SITIO WEB DENOMINACI\u00d3N SOCIAL: ENGUIX S.L.CIF: B46255931DOMICILIO SOCIAL:AVENIDA ESPIOCA 122 BAJO, 46460, SILLA, VALENCIACONTACTO:\u00a0 Tel\u00e9fono: 961219230 &#8211; Email: administracion@enguix.com DATOS DE INSCRIPCI\u00d3N EN EL REGISTRO MERCANTIL:Tomo: 1527 Libro:...\" \/>\n<meta property=\"og:url\" content=\"https:\/\/enguix.com\/en\/privacy-policy\/\" \/>\n<meta property=\"og:site_name\" content=\"Trituradoras | Rotocultivadores | Maquinaria agr\u00edcola\" \/>\n<meta property=\"article:publisher\" content=\"https:\/\/www.facebook.com\/ENGUIXSL\" \/>\n<meta name=\"twitter:card\" content=\"summary_large_image\" \/>\n<meta name=\"twitter:label1\" content=\"Est. reading time\" \/>\n\t<meta name=\"twitter:data1\" content=\"4 minutes\" \/>\n<script type=\"application\/ld+json\" class=\"yoast-schema-graph\">{\"@context\":\"https:\/\/schema.org\",\"@graph\":[{\"@type\":\"WebPage\",\"@id\":\"https:\/\/enguix.com\/en\/privacy-policy\/\",\"url\":\"https:\/\/enguix.com\/en\/privacy-policy\/\",\"name\":\"Privacy policy - Trituradoras | Rotocultivadores | Maquinaria agr\u00edcola\",\"isPartOf\":{\"@id\":\"https:\/\/enguix.com\/en\/#website\"},\"datePublished\":\"2019-04-01T10:19:44+00:00\",\"dateModified\":\"2019-04-01T10:19:44+00:00\",\"inLanguage\":\"en-US\",\"potentialAction\":[{\"@type\":\"ReadAction\",\"target\":[\"https:\/\/enguix.com\/en\/privacy-policy\/\"]}]},{\"@type\":\"WebSite\",\"@id\":\"https:\/\/enguix.com\/en\/#website\",\"url\":\"https:\/\/enguix.com\/en\/\",\"name\":\"Trituradoras | Rotocultivadores | Maquinaria agr\u00edcola\",\"description\":\"Trituradoras. Rotocultivadores. Desbrozadoras y maquinaria agr\u00edcola\",\"potentialAction\":[{\"@type\":\"SearchAction\",\"target\":{\"@type\":\"EntryPoint\",\"urlTemplate\":\"https:\/\/enguix.com\/en\/?s={search_term_string}\"},\"query-input\":{\"@type\":\"PropertyValueSpecification\",\"valueRequired\":true,\"valueName\":\"search_term_string\"}}],\"inLanguage\":\"en-US\"}]}<\/script>\n<!-- \/ Yoast SEO plugin. -->","yoast_head_json":{"title":"Privacy policy - Trituradoras | Rotocultivadores | Maquinaria agr\u00edcola","robots":{"index":"index","follow":"follow","max-snippet":"max-snippet:-1","max-image-preview":"max-image-preview:large","max-video-preview":"max-video-preview:-1"},"canonical":"https:\/\/enguix.com\/en\/privacy-policy\/","og_locale":"en_US","og_type":"article","og_title":"Privacy policy - Trituradoras | Rotocultivadores | Maquinaria agr\u00edcola","og_description":"TITULAR DEL SITIO WEB DENOMINACI\u00d3N SOCIAL: ENGUIX S.L.CIF: B46255931DOMICILIO SOCIAL:AVENIDA ESPIOCA 122 BAJO, 46460, SILLA, VALENCIACONTACTO:\u00a0 Tel\u00e9fono: 961219230 &#8211; Email: administracion@enguix.com DATOS DE INSCRIPCI\u00d3N EN EL REGISTRO MERCANTIL:Tomo: 1527 Libro:...","og_url":"https:\/\/enguix.com\/en\/privacy-policy\/","og_site_name":"Trituradoras | Rotocultivadores | Maquinaria agr\u00edcola","article_publisher":"https:\/\/www.facebook.com\/ENGUIXSL","twitter_card":"summary_large_image","twitter_misc":{"Est. reading time":"4 minutes"},"schema":{"@context":"https:\/\/schema.org","@graph":[{"@type":"WebPage","@id":"https:\/\/enguix.com\/en\/privacy-policy\/","url":"https:\/\/enguix.com\/en\/privacy-policy\/","name":"Privacy policy - Trituradoras | Rotocultivadores | Maquinaria agr\u00edcola","isPartOf":{"@id":"https:\/\/enguix.com\/en\/#website"},"datePublished":"2019-04-01T10:19:44+00:00","dateModified":"2019-04-01T10:19:44+00:00","inLanguage":"en-US","potentialAction":[{"@type":"ReadAction","target":["https:\/\/enguix.com\/en\/privacy-policy\/"]}]},{"@type":"WebSite","@id":"https:\/\/enguix.com\/en\/#website","url":"https:\/\/enguix.com\/en\/","name":"Trituradoras | Rotocultivadores | Maquinaria agr\u00edcola","description":"Trituradoras. Rotocultivadores. Desbrozadoras y maquinaria agr\u00edcola","potentialAction":[{"@type":"SearchAction","target":{"@type":"EntryPoint","urlTemplate":"https:\/\/enguix.com\/en\/?s={search_term_string}"},"query-input":{"@type":"PropertyValueSpecification","valueRequired":true,"valueName":"search_term_string"}}],"inLanguage":"en-US"}]}},"_links":{"self":[{"href":"https:\/\/enguix.com\/en\/wp-json\/wp\/v2\/pages\/2211"}],"collection":[{"href":"https:\/\/enguix.com\/en\/wp-json\/wp\/v2\/pages"}],"about":[{"href":"https:\/\/enguix.com\/en\/wp-json\/wp\/v2\/types\/page"}],"author":[{"embeddable":true,"href":"https:\/\/enguix.com\/en\/wp-json\/wp\/v2\/users\/3"}],"replies":[{"embeddable":true,"href":"https:\/\/enguix.com\/en\/wp-json\/wp\/v2\/comments?post=2211"}],"version-history":[{"count":1,"href":"https:\/\/enguix.com\/en\/wp-json\/wp\/v2\/pages\/2211\/revisions"}],"predecessor-version":[{"id":2212,"href":"https:\/\/enguix.com\/en\/wp-json\/wp\/v2\/pages\/2211\/revisions\/2212"}],"wp:attachment":[{"href":"https:\/\/enguix.com\/en\/wp-json\/wp\/v2\/media?parent=2211"}],"curies":[{"name":"wp","href":"https:\/\/api.w.org\/{rel}","templated":true}]}}